{"id":944,"date":"2022-05-31T14:59:07","date_gmt":"2022-05-31T18:59:07","guid":{"rendered":"http:\/\/box5671.temp.domains\/~captairc\/?page_id=944"},"modified":"2025-07-08T11:38:45","modified_gmt":"2025-07-08T15:38:45","slug":"filtres-et-pieces","status":"publish","type":"page","link":"https:\/\/www.capt-air.com\/fr\/filters-parts\/","title":{"rendered":"Filtres et pi\u00e8ces pour d\u00e9poussi\u00e9reurs industriels"},"content":{"rendered":"\t\t<div data-elementor-type=\"wp-page\" data-elementor-id=\"944\" class=\"elementor elementor-944\" data-elementor-post-type=\"page\">\n\t\t\t\t<div class=\"has_eae_slider elementor-element elementor-element-b85d6e7 e-flex e-con-boxed e-con e-parent\" data-eae-slider=\"7577\" data-id=\"b85d6e7\" data-element_type=\"container\" data-e-type=\"container\">\n\t\t\t\t\t<div class=\"e-con-inner\">\n\t\t<div class=\"has_eae_slider elementor-element elementor-element-1b6f8d4 e-con-full e-flex e-con e-child\" data-eae-slider=\"31589\" data-id=\"1b6f8d4\" data-element_type=\"container\" data-e-type=\"container\">\n\t\t\t\t<div class=\"elementor-element elementor-element-fbce628 elementor-widget elementor-widget-heading\" data-id=\"fbce628\" data-element_type=\"widget\" data-e-type=\"widget\" data-widget_type=\"heading.default\">\n\t\t\t\t<div class=\"elementor-widget-container\">\n\t\t\t\t\t<h1 class=\"elementor-heading-title elementor-size-default\">Industrial Dust Collector Filters &#038; Parts<\/h1>\t\t\t\t<\/div>\n\t\t\t\t<\/div>\n\t\t\t\t<div class=\"elementor-element elementor-element-b98685c elementor-widget elementor-widget-text-editor\" data-id=\"b98685c\" data-element_type=\"widget\" data-e-type=\"widget\" data-widget_type=\"text-editor.default\">\n\t\t\t\t<div class=\"elementor-widget-container\">\n\t\t\t\t\t\t\t\t\t<p>Capt-Air supplies original parts and filters with certified quality for all your systems<\/p>\t\t\t\t\t\t\t\t<\/div>\n\t\t\t\t<\/div>\n\t\t\t\t<\/div>\n\t\t\t\t\t<\/div>\n\t\t\t\t<\/div>\n\t\t<div class=\"has_eae_slider elementor-element elementor-element-a5507dc e-con-full e-flex e-con e-parent\" data-eae-slider=\"48446\" data-id=\"a5507dc\" data-element_type=\"container\" data-e-type=\"container\" data-settings=\"{&quot;background_background&quot;:&quot;slideshow&quot;,&quot;background_slideshow_gallery&quot;:[{&quot;id&quot;:948,&quot;url&quot;:&quot;https:\\\/\\\/www.capt-air.com\\\/wp-content\\\/uploads\\\/2022\\\/05\\\/filters-hero-slide.png&quot;},{&quot;id&quot;:950,&quot;url&quot;:&quot;https:\\\/\\\/www.capt-air.com\\\/wp-content\\\/uploads\\\/2022\\\/05\\\/vacuum-accessories-hero-slide.png&quot;},{&quot;id&quot;:954,&quot;url&quot;:&quot;https:\\\/\\\/www.capt-air.com\\\/wp-content\\\/uploads\\\/2022\\\/05\\\/ducting-hero-slide.png&quot;},{&quot;id&quot;:958,&quot;url&quot;:&quot;https:\\\/\\\/www.capt-air.com\\\/wp-content\\\/uploads\\\/2022\\\/05\\\/rotary-valve-hero-slide.png&quot;}],&quot;background_slideshow_transition_duration&quot;:400,&quot;background_slideshow_loop&quot;:&quot;yes&quot;,&quot;background_slideshow_slide_duration&quot;:5000,&quot;background_slideshow_slide_transition&quot;:&quot;fade&quot;}\">\n\t\t<div class=\"has_eae_slider elementor-element elementor-element-20266d9 e-con-full e-flex e-con e-child\" data-eae-slider=\"7973\" data-id=\"20266d9\" data-element_type=\"container\" data-e-type=\"container\">\n\t\t\t\t<\/div>\n\t\t\t\t<\/div>\n\t\t<div class=\"has_eae_slider elementor-element elementor-element-c3feea2 e-flex e-con-boxed e-con e-parent\" data-eae-slider=\"89310\" data-id=\"c3feea2\" data-element_type=\"container\" data-e-type=\"container\" id=\"first\">\n\t\t\t\t\t<div class=\"e-con-inner\">\n\t\t<div class=\"has_eae_slider elementor-element elementor-element-81f3883 e-con-full e-flex e-con e-child\" data-eae-slider=\"4999\" data-id=\"81f3883\" data-element_type=\"container\" data-e-type=\"container\" data-settings=\"{&quot;background_background&quot;:&quot;classic&quot;}\">\n\t\t\t\t<div class=\"elementor-element elementor-element-d7e7063 elementor-widget elementor-widget-text-editor\" data-id=\"d7e7063\" data-element_type=\"widget\" data-e-type=\"widget\" id=\"breadcrumb-wrapper\" data-widget_type=\"text-editor.default\">\n\t\t\t\t<div class=\"elementor-widget-container\">\n\t\t\t\t\t\t\t\t\t<p>breadcrumb &gt;&gt; list<\/p>\t\t\t\t\t\t\t\t<\/div>\n\t\t\t\t<\/div>\n\t\t\t\t<\/div>\n\t\t\t\t\t<\/div>\n\t\t\t\t<\/div>\n\t\t<div class=\"has_eae_slider elementor-element elementor-element-7cb957c e-flex e-con-boxed e-con e-parent\" data-eae-slider=\"86945\" data-id=\"7cb957c\" data-element_type=\"container\" data-e-type=\"container\">\n\t\t\t\t\t<div class=\"e-con-inner\">\n\t\t<div class=\"has_eae_slider elementor-element elementor-element-bb43941 e-con-full e-flex e-con e-child\" data-eae-slider=\"99636\" data-id=\"bb43941\" data-element_type=\"container\" data-e-type=\"container\">\n\t\t\t\t<div class=\"elementor-element elementor-element-1694ac4 elementor-widget elementor-widget-text-editor\" data-id=\"1694ac4\" data-element_type=\"widget\" data-e-type=\"widget\" data-widget_type=\"text-editor.default\">\n\t\t\t\t<div class=\"elementor-widget-container\">\n\t\t\t\t\t\t\t\t\t<p>Capt-Air offers replacement filters &amp; parts for industrial dust, fume &amp; mist collectors plus a full range of ducting, rotary valves &amp; vacuum accessories<\/p>\t\t\t\t\t\t\t\t<\/div>\n\t\t\t\t<\/div>\n\t\t\t\t<\/div>\n\t\t\t\t\t<\/div>\n\t\t\t\t<\/div>\n\t\t<div class=\"has_eae_slider elementor-element elementor-element-42dcd3b e-flex e-con-boxed e-con e-parent\" data-eae-slider=\"62905\" data-id=\"42dcd3b\" data-element_type=\"container\" data-e-type=\"container\">\n\t\t\t\t\t<div class=\"e-con-inner\">\n\t\t<div class=\"has_eae_slider elementor-element elementor-element-c816168 e-con-full e-flex e-con e-child\" data-eae-slider=\"64917\" data-id=\"c816168\" data-element_type=\"container\" data-e-type=\"container\">\n\t\t\t\t<div class=\"elementor-element elementor-element-d39361c elementor-widget elementor-widget-heading\" data-id=\"d39361c\" data-element_type=\"widget\" data-e-type=\"widget\" data-widget_type=\"heading.default\">\n\t\t\t\t<div class=\"elementor-widget-container\">\n\t\t\t\t\t<h2 class=\"elementor-heading-title elementor-size-default\">Filters, Parts &amp; Accessories for Every Industry<\/h2>\t\t\t\t<\/div>\n\t\t\t\t<\/div>\n\t\t<div class=\"has_eae_slider elementor-element elementor-element-6356ec9 e-con-full e-flex e-con e-child\" data-eae-slider=\"38513\" data-id=\"6356ec9\" data-element_type=\"container\" data-e-type=\"container\">\n\t\t<div class=\"has_eae_slider elementor-element elementor-element-f0c4160 click-child e-con-full e-flex e-con e-child\" data-eae-slider=\"65013\" data-id=\"f0c4160\" data-element_type=\"container\" data-e-type=\"container\" data-settings=\"{&quot;background_background&quot;:&quot;classic&quot;}\">\n\t\t\t\t<div class=\"elementor-element elementor-element-45382f5 elementor-widget elementor-widget-image\" data-id=\"45382f5\" data-element_type=\"widget\" data-e-type=\"widget\" data-widget_type=\"image.default\">\n\t\t\t\t<div class=\"elementor-widget-container\">\n\t\t\t\t\t\t\t\t\t\t\t\t\t\t\t<img decoding=\"async\" src=\"https:\/\/www.capt-air.com\/wp-content\/uploads\/elementor\/thumbs\/13_v_filters-ppn4bftiulrhjhjaqer3rbfcbcfjl28v851j5esfco.jpg\" title=\"13_v_filters\" alt=\"13_v_filters\" loading=\"lazy\" \/>\t\t\t\t\t\t\t\t\t\t\t\t\t\t\t<\/div>\n\t\t\t\t<\/div>\n\t\t\t\t<div class=\"elementor-element elementor-element-11dc349 elementor-widget elementor-widget-heading\" data-id=\"11dc349\" data-element_type=\"widget\" data-e-type=\"widget\" data-widget_type=\"heading.default\">\n\t\t\t\t<div class=\"elementor-widget-container\">\n\t\t\t\t\t<h2 class=\"elementor-heading-title elementor-size-default\">Filters<\/h2>\t\t\t\t<\/div>\n\t\t\t\t<\/div>\n\t\t\t\t<div class=\"elementor-element elementor-element-704ea24 elementor-widget elementor-widget-text-editor\" data-id=\"704ea24\" data-element_type=\"widget\" data-e-type=\"widget\" data-widget_type=\"text-editor.default\">\n\t\t\t\t<div class=\"elementor-widget-container\">\n\t\t\t\t\t\t\t\t\t<p>We supply high-efficiency filters using the latest technology for all types of dust, mist and fume collectors.<\/p>\t\t\t\t\t\t\t\t<\/div>\n\t\t\t\t<\/div>\n\t\t\t\t<div class=\"elementor-element elementor-element-dd2ac57 column-link elementor-widget elementor-widget-button\" data-id=\"dd2ac57\" data-element_type=\"widget\" data-e-type=\"widget\" data-widget_type=\"button.default\">\n\t\t\t\t<div class=\"elementor-widget-container\">\n\t\t\t\t\t\t\t\t\t<div class=\"elementor-button-wrapper\">\n\t\t\t\t\t<a class=\"elementor-button elementor-button-link elementor-size-xs\" href=\"https:\/\/www.capt-air.com\/filters-parts\/filters-for-industrial-dust-mist-fume-collectors\/\">\n\t\t\t\t\t\t<span class=\"elementor-button-content-wrapper\">\n\t\t\t\t\t\t\t\t\t<span class=\"elementor-button-text\">column-link<\/span>\n\t\t\t\t\t<\/span>\n\t\t\t\t\t<\/a>\n\t\t\t\t<\/div>\n\t\t\t\t\t\t\t\t<\/div>\n\t\t\t\t<\/div>\n\t\t\t\t<\/div>\n\t\t<div class=\"has_eae_slider elementor-element elementor-element-c9dff4c click-child e-con-full e-flex e-con e-child\" data-eae-slider=\"18452\" data-id=\"c9dff4c\" data-element_type=\"container\" data-e-type=\"container\">\n\t\t\t\t<div class=\"elementor-element elementor-element-1849aed elementor-widget elementor-widget-image\" data-id=\"1849aed\" data-element_type=\"widget\" data-e-type=\"widget\" data-widget_type=\"image.default\">\n\t\t\t\t<div class=\"elementor-widget-container\">\n\t\t\t\t\t\t\t\t\t\t\t\t\t\t\t<img decoding=\"async\" src=\"https:\/\/www.capt-air.com\/wp-content\/uploads\/elementor\/thumbs\/NIL_63216-ppn4dbhwioc4reszr808qucj335yz9pjhg0hpc02wo.jpg\" title=\"NIL_63216\" alt=\"NIL_63216\" loading=\"lazy\" \/>\t\t\t\t\t\t\t\t\t\t\t\t\t\t\t<\/div>\n\t\t\t\t<\/div>\n\t\t\t\t<div class=\"elementor-element elementor-element-ec556e9 elementor-widget elementor-widget-heading\" data-id=\"ec556e9\" data-element_type=\"widget\" data-e-type=\"widget\" data-widget_type=\"heading.default\">\n\t\t\t\t<div class=\"elementor-widget-container\">\n\t\t\t\t\t<h2 class=\"elementor-heading-title elementor-size-default\">\nVacuum Accessories<\/h2>\t\t\t\t<\/div>\n\t\t\t\t<\/div>\n\t\t\t\t<div class=\"elementor-element elementor-element-b67d3a8 elementor-widget elementor-widget-text-editor\" data-id=\"b67d3a8\" data-element_type=\"widget\" data-e-type=\"widget\" data-widget_type=\"text-editor.default\">\n\t\t\t\t<div class=\"elementor-widget-container\">\n\t\t\t\t\t\t\t\t\t<p>Consult our booklet for a wide variety of hoses and accessories for all types of need: FDA, anti-static, overhead cleaning etc&#8230;<\/p>\t\t\t\t\t\t\t\t<\/div>\n\t\t\t\t<\/div>\n\t\t\t\t<div class=\"elementor-element elementor-element-2eb1dae column-link elementor-widget elementor-widget-button\" data-id=\"2eb1dae\" data-element_type=\"widget\" data-e-type=\"widget\" data-widget_type=\"button.default\">\n\t\t\t\t<div class=\"elementor-widget-container\">\n\t\t\t\t\t\t\t\t\t<div class=\"elementor-button-wrapper\">\n\t\t\t\t\t<a class=\"elementor-button elementor-button-link elementor-size-xs\" href=\"https:\/\/www.capt-air.com\/filters-parts\/vacuum-piping-hoses-accessories\/\">\n\t\t\t\t\t\t<span class=\"elementor-button-content-wrapper\">\n\t\t\t\t\t\t\t\t\t<span class=\"elementor-button-text\">column-link<\/span>\n\t\t\t\t\t<\/span>\n\t\t\t\t\t<\/a>\n\t\t\t\t<\/div>\n\t\t\t\t\t\t\t\t<\/div>\n\t\t\t\t<\/div>\n\t\t\t\t<\/div>\n\t\t<div class=\"has_eae_slider elementor-element elementor-element-aa38b46 click-child e-con-full e-flex e-con e-child\" data-eae-slider=\"72621\" data-id=\"aa38b46\" data-element_type=\"container\" data-e-type=\"container\">\n\t\t\t\t<div class=\"elementor-element elementor-element-b5f5444 elementor-widget elementor-widget-image\" data-id=\"b5f5444\" data-element_type=\"widget\" data-e-type=\"widget\" data-widget_type=\"image.default\">\n\t\t\t\t<div class=\"elementor-widget-container\">\n\t\t\t\t\t\t\t\t\t\t\t\t\t\t\t<img decoding=\"async\" src=\"https:\/\/www.capt-air.com\/wp-content\/uploads\/elementor\/thumbs\/ducting-ppn4h3si1nipivb0ncx5adyd7yi6zdqmc6lwagdzug.png\" title=\"ducting\" alt=\"Ducting | Capt-Air\" loading=\"lazy\" \/>\t\t\t\t\t\t\t\t\t\t\t\t\t\t\t<\/div>\n\t\t\t\t<\/div>\n\t\t\t\t<div class=\"elementor-element elementor-element-69ea57c elementor-widget elementor-widget-heading\" data-id=\"69ea57c\" data-element_type=\"widget\" data-e-type=\"widget\" data-widget_type=\"heading.default\">\n\t\t\t\t<div class=\"elementor-widget-container\">\n\t\t\t\t\t<h2 class=\"elementor-heading-title elementor-size-default\">Ducting &amp; Tubing<\/h2>\t\t\t\t<\/div>\n\t\t\t\t<\/div>\n\t\t\t\t<div class=\"elementor-element elementor-element-10ffff9 elementor-widget elementor-widget-text-editor\" data-id=\"10ffff9\" data-element_type=\"widget\" data-e-type=\"widget\" data-widget_type=\"text-editor.default\">\n\t\t\t\t<div class=\"elementor-widget-container\">\n\t\t\t\t\t\t\t\t\t<p>Ductwork, fittings and accessories for every dust collection, central vacuum and pneumatic conveying applications<\/p>\t\t\t\t\t\t\t\t<\/div>\n\t\t\t\t<\/div>\n\t\t\t\t<div class=\"elementor-element elementor-element-1f3ef2c column-link elementor-widget elementor-widget-button\" data-id=\"1f3ef2c\" data-element_type=\"widget\" data-e-type=\"widget\" data-widget_type=\"button.default\">\n\t\t\t\t<div class=\"elementor-widget-container\">\n\t\t\t\t\t\t\t\t\t<div class=\"elementor-button-wrapper\">\n\t\t\t\t\t<a class=\"elementor-button elementor-button-link elementor-size-xs\" href=\"https:\/\/www.capt-air.com\/filters-parts\/pneumatic-conveying-conduit-couplings-valves\/\">\n\t\t\t\t\t\t<span class=\"elementor-button-content-wrapper\">\n\t\t\t\t\t\t\t\t\t<span class=\"elementor-button-text\">column-link<\/span>\n\t\t\t\t\t<\/span>\n\t\t\t\t\t<\/a>\n\t\t\t\t<\/div>\n\t\t\t\t\t\t\t\t<\/div>\n\t\t\t\t<\/div>\n\t\t\t\t<\/div>\n\t\t<div class=\"has_eae_slider elementor-element elementor-element-2cf85c4 click-child e-con-full e-flex e-con e-child\" data-eae-slider=\"21332\" data-id=\"2cf85c4\" data-element_type=\"container\" data-e-type=\"container\">\n\t\t\t\t<div class=\"elementor-element elementor-element-0961d8b elementor-widget elementor-widget-image\" data-id=\"0961d8b\" data-element_type=\"widget\" data-e-type=\"widget\" data-widget_type=\"image.default\">\n\t\t\t\t<div class=\"elementor-widget-container\">\n\t\t\t\t\t\t\t\t\t\t\t\t\t\t\t<img decoding=\"async\" src=\"https:\/\/www.capt-air.com\/wp-content\/uploads\/elementor\/thumbs\/53_v_valves-ppn4j2aea877pmgm7pe5ze5xruuq0oihlvjba7hgvs.jpg\" title=\"53_v_valves\" alt=\"Rotary Valves | Capt-Air\" loading=\"lazy\" \/>\t\t\t\t\t\t\t\t\t\t\t\t\t\t\t<\/div>\n\t\t\t\t<\/div>\n\t\t\t\t<div class=\"elementor-element elementor-element-18e5f0d elementor-widget elementor-widget-heading\" data-id=\"18e5f0d\" data-element_type=\"widget\" data-e-type=\"widget\" data-widget_type=\"heading.default\">\n\t\t\t\t<div class=\"elementor-widget-container\">\n\t\t\t\t\t<h2 class=\"elementor-heading-title elementor-size-default\">Valves<\/h2>\t\t\t\t<\/div>\n\t\t\t\t<\/div>\n\t\t\t\t<div class=\"elementor-element elementor-element-ee0a8bf elementor-widget elementor-widget-text-editor\" data-id=\"ee0a8bf\" data-element_type=\"widget\" data-e-type=\"widget\" data-widget_type=\"text-editor.default\">\n\t\t\t\t<div class=\"elementor-widget-container\">\n\t\t\t\t\t\t\t\t\t<p>We offer strong and effective rotary valve and double-flap gate valve solutions.<\/p>\t\t\t\t\t\t\t\t<\/div>\n\t\t\t\t<\/div>\n\t\t\t\t<div class=\"elementor-element elementor-element-4a0b8f9 column-link elementor-widget elementor-widget-button\" data-id=\"4a0b8f9\" data-element_type=\"widget\" data-e-type=\"widget\" data-widget_type=\"button.default\">\n\t\t\t\t<div class=\"elementor-widget-container\">\n\t\t\t\t\t\t\t\t\t<div class=\"elementor-button-wrapper\">\n\t\t\t\t\t<a class=\"elementor-button elementor-button-link elementor-size-xs\" href=\"https:\/\/www.capt-air.com\/filters-parts\/rotary-valves\/\">\n\t\t\t\t\t\t<span class=\"elementor-button-content-wrapper\">\n\t\t\t\t\t\t\t\t\t<span class=\"elementor-button-text\">column-link<\/span>\n\t\t\t\t\t<\/span>\n\t\t\t\t\t<\/a>\n\t\t\t\t<\/div>\n\t\t\t\t\t\t\t\t<\/div>\n\t\t\t\t<\/div>\n\t\t\t\t<\/div>\n\t\t\t\t<\/div>\n\t\t\t\t<\/div>\n\t\t\t\t\t<\/div>\n\t\t\t\t<\/div>\n\t\t<div class=\"has_eae_slider elementor-element elementor-element-27d4f3f e-con-full e-flex e-con e-parent\" data-eae-slider=\"3451\" data-id=\"27d4f3f\" data-element_type=\"container\" data-e-type=\"container\" data-settings=\"{&quot;background_background&quot;:&quot;slideshow&quot;,&quot;background_slideshow_gallery&quot;:[{&quot;id&quot;:603,&quot;url&quot;:&quot;https:\\\/\\\/www.capt-air.com\\\/wp-content\\\/uploads\\\/2022\\\/05\\\/61283750_m-scaled.jpg&quot;}],&quot;background_slideshow_loop&quot;:&quot;yes&quot;,&quot;background_slideshow_slide_duration&quot;:5000,&quot;background_slideshow_slide_transition&quot;:&quot;fade&quot;,&quot;background_slideshow_transition_duration&quot;:500}\">\n\t\t<div class=\"has_eae_slider elementor-element elementor-element-c20fd44 e-con-full e-flex e-con e-child\" data-eae-slider=\"70910\" data-id=\"c20fd44\" data-element_type=\"container\" data-e-type=\"container\">\n\t\t<div class=\"has_eae_slider elementor-element elementor-element-abe0536 e-con-full e-flex e-con e-child\" data-eae-slider=\"72021\" data-id=\"abe0536\" data-element_type=\"container\" data-e-type=\"container\">\n\t\t<div class=\"has_eae_slider elementor-element elementor-element-6ce9dd6 e-con-full e-flex e-con e-child\" data-eae-slider=\"51278\" data-id=\"6ce9dd6\" data-element_type=\"container\" data-e-type=\"container\" data-settings=\"{&quot;background_background&quot;:&quot;classic&quot;}\">\n\t\t\t\t<div class=\"elementor-element elementor-element-78688ef elementor-widget elementor-widget-heading\" data-id=\"78688ef\" data-element_type=\"widget\" data-e-type=\"widget\" data-widget_type=\"heading.default\">\n\t\t\t\t<div class=\"elementor-widget-container\">\n\t\t\t\t\t<h2 class=\"elementor-heading-title elementor-size-default\">Have questions?<\/h2>\t\t\t\t<\/div>\n\t\t\t\t<\/div>\n\t\t\t\t<div class=\"elementor-element elementor-element-b47ffd4 elementor-widget elementor-widget-text-editor\" data-id=\"b47ffd4\" data-element_type=\"widget\" data-e-type=\"widget\" data-widget_type=\"text-editor.default\">\n\t\t\t\t<div class=\"elementor-widget-container\">\n\t\t\t\t\t\t\t\t\t<p>We would love to discuss your next project with you<\/p>\t\t\t\t\t\t\t\t<\/div>\n\t\t\t\t<\/div>\n\t\t\t\t<div class=\"elementor-element elementor-element-103e65b elementor-align-center elementor-widget elementor-widget-button\" data-id=\"103e65b\" data-element_type=\"widget\" data-e-type=\"widget\" data-widget_type=\"button.default\">\n\t\t\t\t<div class=\"elementor-widget-container\">\n\t\t\t\t\t\t\t\t\t<div class=\"elementor-button-wrapper\">\n\t\t\t\t\t<a class=\"elementor-button elementor-button-link elementor-size-sm\" href=\"https:\/\/www.capt-air.com\/contact\/\">\n\t\t\t\t\t\t<span class=\"elementor-button-content-wrapper\">\n\t\t\t\t\t\t\t\t\t<span class=\"elementor-button-text\">Contact Us<\/span>\n\t\t\t\t\t<\/span>\n\t\t\t\t\t<\/a>\n\t\t\t\t<\/div>\n\t\t\t\t\t\t\t\t<\/div>\n\t\t\t\t<\/div>\n\t\t\t\t<\/div>\n\t\t<div class=\"has_eae_slider elementor-element elementor-element-abbc361 e-con-full e-flex e-con e-child\" data-eae-slider=\"87380\" data-id=\"abbc361\" data-element_type=\"container\" data-e-type=\"container\">\n\t\t\t\t<\/div>\n\t\t\t\t<\/div>\n\t\t\t\t<\/div>\n\t\t\t\t<\/div>\n\t\t\t\t<\/div>\n\t\t","protected":false},"excerpt":{"rendered":"<p>Capt-Air supplies original parts and filters with certified quality for all your systems breadcrumb &gt;&gt; list Capt-Air offers replacement filters &amp; parts for industrial dust, fume &amp; mist collectors plus a full range of ducting, rotary valves &amp; vacuum accessories Filters, Parts &amp; Accessories for Every Industry Filters We supply high-efficiency filters using the latest [&hellip;]<\/p>\n","protected":false},"author":2,"featured_media":0,"parent":0,"menu_order":0,"comment_status":"closed","ping_status":"closed","template":"","meta":{"footnotes":""},"class_list":["post-944","page","type-page","status-publish","hentry"],"aioseo_notices":[],"_links":{"self":[{"href":"https:\/\/www.capt-air.com\/fr\/wp-json\/wp\/v2\/pages\/944","targetHints":{"allow":["GET"]}}],"collection":[{"href":"https:\/\/www.capt-air.com\/fr\/wp-json\/wp\/v2\/pages"}],"about":[{"href":"https:\/\/www.capt-air.com\/fr\/wp-json\/wp\/v2\/types\/page"}],"author":[{"embeddable":true,"href":"https:\/\/www.capt-air.com\/fr\/wp-json\/wp\/v2\/users\/2"}],"replies":[{"embeddable":true,"href":"https:\/\/www.capt-air.com\/fr\/wp-json\/wp\/v2\/comments?post=944"}],"version-history":[{"count":5,"href":"https:\/\/www.capt-air.com\/fr\/wp-json\/wp\/v2\/pages\/944\/revisions"}],"predecessor-version":[{"id":6146,"href":"https:\/\/www.capt-air.com\/fr\/wp-json\/wp\/v2\/pages\/944\/revisions\/6146"}],"wp:attachment":[{"href":"https:\/\/www.capt-air.com\/fr\/wp-json\/wp\/v2\/media?parent=944"}],"curies":[{"name":"wp","href":"https:\/\/api.w.org\/{rel}","templated":true}]}}