{"id":6066,"date":"2025-05-13T14:28:17","date_gmt":"2025-05-13T18:28:17","guid":{"rendered":"https:\/\/www.capt-air.com\/?page_id=6066"},"modified":"2025-05-13T15:17:38","modified_gmt":"2025-05-13T19:17:38","slug":"connecteurs-qcc-raccordement-rapide","status":"publish","type":"page","link":"https:\/\/www.capt-air.com\/fr\/products\/quick-connect-qcc-connectors\/","title":{"rendered":"Connecteurs QCC \u00e0 connexion rapide"},"content":{"rendered":"\t\t<div data-elementor-type=\"wp-page\" data-elementor-id=\"6066\" class=\"elementor elementor-6066\" data-elementor-post-type=\"page\">\n\t\t\t\t<div class=\"has_eae_slider elementor-element elementor-element-e0a08a4 e-flex e-con-boxed e-con e-parent\" data-eae-slider=\"94200\" data-id=\"e0a08a4\" data-element_type=\"container\" data-e-type=\"container\">\n\t\t\t\t\t<div class=\"e-con-inner\">\n\t\t<div class=\"has_eae_slider elementor-element elementor-element-374055c e-con-full e-flex e-con e-child\" data-eae-slider=\"73047\" data-id=\"374055c\" data-element_type=\"container\" data-e-type=\"container\">\n\t\t\t\t<div class=\"elementor-element elementor-element-85c39e9 elementor-widget elementor-widget-heading\" data-id=\"85c39e9\" data-element_type=\"widget\" data-e-type=\"widget\" data-widget_type=\"heading.default\">\n\t\t\t\t<div class=\"elementor-widget-container\">\n\t\t\t\t\t<h1 class=\"elementor-heading-title elementor-size-default\">Quick Connect QCC Connectors<\/h1>\t\t\t\t<\/div>\n\t\t\t\t<\/div>\n\t\t\t\t<div class=\"elementor-element elementor-element-9a7b8dc para-60ch elementor-widget elementor-widget-text-editor\" data-id=\"9a7b8dc\" data-element_type=\"widget\" data-e-type=\"widget\" data-widget_type=\"text-editor.default\">\n\t\t\t\t<div class=\"elementor-widget-container\">\n\t\t\t\t\t\t\t\t\t<p>For a positive airtight connection<\/p>\t\t\t\t\t\t\t\t<\/div>\n\t\t\t\t<\/div>\n\t\t\t\t<\/div>\n\t\t\t\t\t<\/div>\n\t\t\t\t<\/div>\n\t\t<div class=\"has_eae_slider elementor-element elementor-element-22e5047 e-con-full e-flex e-con e-parent\" data-eae-slider=\"55617\" data-id=\"22e5047\" data-element_type=\"container\" data-e-type=\"container\" data-settings=\"{&quot;background_background&quot;:&quot;classic&quot;}\">\n\t\t<div class=\"has_eae_slider elementor-element elementor-element-8942db6 e-con-full e-flex e-con e-child\" data-eae-slider=\"77901\" data-id=\"8942db6\" data-element_type=\"container\" data-e-type=\"container\">\n\t\t\t\t<\/div>\n\t\t\t\t<\/div>\n\t\t<div class=\"has_eae_slider elementor-element elementor-element-0a5bc12 e-flex e-con-boxed e-con e-parent\" data-eae-slider=\"79893\" data-id=\"0a5bc12\" data-element_type=\"container\" data-e-type=\"container\" id=\"first\">\n\t\t\t\t\t<div class=\"e-con-inner\">\n\t\t<div class=\"has_eae_slider elementor-element elementor-element-aff528c e-con-full e-flex e-con e-child\" data-eae-slider=\"42755\" data-id=\"aff528c\" data-element_type=\"container\" data-e-type=\"container\" data-settings=\"{&quot;background_background&quot;:&quot;classic&quot;}\">\n\t\t\t\t<div class=\"elementor-element elementor-element-9e4ff0e elementor-widget elementor-widget-text-editor\" data-id=\"9e4ff0e\" data-element_type=\"widget\" data-e-type=\"widget\" id=\"breadcrumb-wrapper\" data-widget_type=\"text-editor.default\">\n\t\t\t\t<div class=\"elementor-widget-container\">\n\t\t\t\t\t\t\t\t\t<p>breadcrumb &gt;&gt; list<\/p>\t\t\t\t\t\t\t\t<\/div>\n\t\t\t\t<\/div>\n\t\t\t\t<\/div>\n\t\t\t\t\t<\/div>\n\t\t\t\t<\/div>\n\t\t<div class=\"has_eae_slider elementor-element elementor-element-147dbb9 e-flex e-con-boxed e-con e-parent\" data-eae-slider=\"21324\" data-id=\"147dbb9\" data-element_type=\"container\" data-e-type=\"container\">\n\t\t\t\t\t<div class=\"e-con-inner\">\n\t\t<div class=\"has_eae_slider elementor-element elementor-element-f283c6b e-con-full e-flex e-con e-child\" data-eae-slider=\"35091\" data-id=\"f283c6b\" data-element_type=\"container\" data-e-type=\"container\">\n\t\t\t\t<div class=\"elementor-element elementor-element-689d7ee elementor-widget elementor-widget-text-editor\" data-id=\"689d7ee\" data-element_type=\"widget\" data-e-type=\"widget\" data-widget_type=\"text-editor.default\">\n\t\t\t\t<div class=\"elementor-widget-container\">\n\t\t\t\t\t\t\t\t\tCapt-Air QCC connectors are designed to provide an ultra-fast, secure, and effortless connection by simply inserting the male connector into its female counterpart for a perfect, airtight fit.\t\t\t\t\t\t\t\t<\/div>\n\t\t\t\t<\/div>\n\t\t\t\t<\/div>\n\t\t\t\t\t<\/div>\n\t\t\t\t<\/div>\n\t\t<div class=\"has_eae_slider elementor-element elementor-element-9647ba2 e-flex e-con-boxed e-con e-parent\" data-eae-slider=\"55583\" data-id=\"9647ba2\" data-element_type=\"container\" data-e-type=\"container\" data-settings=\"{&quot;background_background&quot;:&quot;classic&quot;}\">\n\t\t\t\t\t<div class=\"e-con-inner\">\n\t\t<div class=\"has_eae_slider elementor-element elementor-element-712bfb1 e-con-full e-flex e-con e-child\" data-eae-slider=\"33441\" data-id=\"712bfb1\" data-element_type=\"container\" data-e-type=\"container\">\n\t\t\t\t<div class=\"elementor-element elementor-element-6a30b35 elementor-widget elementor-widget-heading\" data-id=\"6a30b35\" data-element_type=\"widget\" data-e-type=\"widget\" data-widget_type=\"heading.default\">\n\t\t\t\t<div class=\"elementor-widget-container\">\n\t\t\t\t\t<h2 class=\"elementor-heading-title elementor-size-default\">Capt-Air Quick-Connect<\/h2>\t\t\t\t<\/div>\n\t\t\t\t<\/div>\n\t\t<div class=\"has_eae_slider elementor-element elementor-element-6850696 e-con-full e-flex e-con e-child\" data-eae-slider=\"8555\" data-id=\"6850696\" data-element_type=\"container\" data-e-type=\"container\">\n\t\t<div class=\"has_eae_slider elementor-element elementor-element-69a9b9d e-con-full e-flex e-con e-child\" data-eae-slider=\"15686\" data-id=\"69a9b9d\" data-element_type=\"container\" data-e-type=\"container\">\n\t\t\t\t<div class=\"elementor-element elementor-element-96dd360 elementor-widget elementor-widget-text-editor\" data-id=\"96dd360\" data-element_type=\"widget\" data-e-type=\"widget\" data-widget_type=\"text-editor.default\">\n\t\t\t\t<div class=\"elementor-widget-container\">\n\t\t\t\t\t\t\t\t\t<p><strong>Optimize Your Workflow with Capt-Air\u2019s QCC High-Efficiency Connectors<\/strong><\/p>\t\t\t\t\t\t\t\t<\/div>\n\t\t\t\t<\/div>\n\t\t\t\t<div class=\"elementor-element elementor-element-070bd50 elementor-widget elementor-widget-text-editor\" data-id=\"070bd50\" data-element_type=\"widget\" data-e-type=\"widget\" data-widget_type=\"text-editor.default\">\n\t\t\t\t<div class=\"elementor-widget-container\">\n\t\t\t\t\t\t\t\t\t<p>\u00a0Capt-Air introduces its next-generation QCC connectors\u2014engineered for rapid, secure, and reliable performance in demanding industrial environments. Designed with precision and ease of use in mind, the QCC system ensures a seamless, airtight connection with a simple insert-and-lock mechanism.<\/p><ul><li><p><strong>Fast, Tool-Free Installation<\/strong><br \/>Eliminate delays and alignment issues\u2014connections are instant and consistently accurate, reducing downtime and installation errors.<\/p><\/li><li><p><strong>Robust Construction<\/strong><br \/>Precision-machined from high-grade aluminum, QCC connectors are built to endure high-pressure, high-vibration, and corrosive conditions without compromising performance.<\/p><\/li><li><p><strong>Adaptability Across Applications<\/strong><br \/>Modular design allows for quick accessory changes, supporting a wide range of tooling and system configurations.<\/p><\/li><\/ul><p>Engineered for professionals who demand efficiency and reliability, Capt-Air\u2019s QCC connectors redefine connection standards\u2014delivering consistent performance with minimal effort. Upgrade your systems and experience the productivity gains firsthand.<\/p>\t\t\t\t\t\t\t\t<\/div>\n\t\t\t\t<\/div>\n\t\t\t\t<\/div>\n\t\t<div class=\"has_eae_slider elementor-element elementor-element-828df2d e-con-full e-flex e-con e-child\" data-eae-slider=\"12769\" data-id=\"828df2d\" data-element_type=\"container\" data-e-type=\"container\">\n\t\t\t\t<div class=\"elementor-element elementor-element-cb1d35e elementor-widget elementor-widget-image\" data-id=\"cb1d35e\" data-element_type=\"widget\" data-e-type=\"widget\" data-widget_type=\"image.default\">\n\t\t\t\t<div class=\"elementor-widget-container\">\n\t\t\t\t\t\t\t\t\t\t\t\t<figure class=\"wp-caption\">\n\t\t\t\t\t\t\t\t\t\t<img decoding=\"async\" src=\"https:\/\/www.capt-air.com\/wp-content\/uploads\/elementor\/thumbs\/quick-connect-700x700-1-r5rfuuwxobne7lgd7cahf0bm8uauqxst8njma0b04m.webp\" title=\"quick-connect-700&#215;700\" alt=\"Capt-air Quick Connect\" loading=\"lazy\" \/>\t\t\t\t\t\t\t\t\t\t\t<figcaption class=\"widget-image-caption wp-caption-text\">Capt-air Quick Connect <\/figcaption>\n\t\t\t\t\t\t\t\t\t\t<\/figure>\n\t\t\t\t\t\t\t\t\t<\/div>\n\t\t\t\t<\/div>\n\t\t\t\t<div class=\"elementor-element elementor-element-4aa28de elementor-widget elementor-widget-image\" data-id=\"4aa28de\" data-element_type=\"widget\" data-e-type=\"widget\" data-widget_type=\"image.default\">\n\t\t\t\t<div class=\"elementor-widget-container\">\n\t\t\t\t\t\t\t\t\t\t\t\t<figure class=\"wp-caption\">\n\t\t\t\t\t\t\t\t\t\t\t<a href=\"https:\/\/www.capt-air.com\/wp-content\/uploads\/resources\/Capt-Air%20Quick%20Connect.pdf\" target=\"_blank\">\n\t\t\t\t\t\t\t<img decoding=\"async\" width=\"150\" height=\"163\" src=\"https:\/\/www.capt-air.com\/wp-content\/uploads\/2023\/05\/download-french-brochure-icon-1.png\" class=\"attachment-large size-large wp-image-4237\" alt=\"\" srcset=\"https:\/\/www.capt-air.com\/wp-content\/uploads\/2023\/05\/download-french-brochure-icon-1.png 150w, https:\/\/www.capt-air.com\/wp-content\/uploads\/2023\/05\/download-french-brochure-icon-1-11x12.png 11w\" sizes=\"(max-width: 150px) 100vw, 150px\" \/>\t\t\t\t\t\t\t\t<\/a>\n\t\t\t\t\t\t\t\t\t\t\t<figcaption class=\"widget-image-caption wp-caption-text\">Bilingual PDF<\/figcaption>\n\t\t\t\t\t\t\t\t\t\t<\/figure>\n\t\t\t\t\t\t\t\t\t<\/div>\n\t\t\t\t<\/div>\n\t\t\t\t<\/div>\n\t\t\t\t<\/div>\n\t\t\t\t<\/div>\n\t\t\t\t\t<\/div>\n\t\t\t\t<\/div>\n\t\t<div class=\"has_eae_slider elementor-element elementor-element-11845b6b e-con-full e-flex e-con e-parent\" data-eae-slider=\"55645\" data-id=\"11845b6b\" data-element_type=\"container\" data-e-type=\"container\" data-settings=\"{&quot;background_background&quot;:&quot;slideshow&quot;,&quot;background_slideshow_gallery&quot;:[{&quot;id&quot;:603,&quot;url&quot;:&quot;https:\\\/\\\/www.capt-air.com\\\/wp-content\\\/uploads\\\/2022\\\/05\\\/61283750_m-scaled.jpg&quot;}],&quot;background_slideshow_loop&quot;:&quot;yes&quot;,&quot;background_slideshow_slide_duration&quot;:5000,&quot;background_slideshow_slide_transition&quot;:&quot;fade&quot;,&quot;background_slideshow_transition_duration&quot;:500}\">\n\t\t<div class=\"has_eae_slider elementor-element elementor-element-26f324d e-con-full e-flex e-con e-child\" data-eae-slider=\"78253\" data-id=\"26f324d\" data-element_type=\"container\" data-e-type=\"container\">\n\t\t<div class=\"has_eae_slider elementor-element elementor-element-2f7562e5 e-con-full e-flex e-con e-child\" data-eae-slider=\"74319\" data-id=\"2f7562e5\" data-element_type=\"container\" data-e-type=\"container\">\n\t\t<div class=\"has_eae_slider elementor-element elementor-element-ebd2e8e e-con-full e-flex e-con e-child\" data-eae-slider=\"2972\" data-id=\"ebd2e8e\" data-element_type=\"container\" data-e-type=\"container\" data-settings=\"{&quot;background_background&quot;:&quot;classic&quot;}\">\n\t\t\t\t<div class=\"elementor-element elementor-element-2095d7d3 elementor-widget elementor-widget-heading\" data-id=\"2095d7d3\" data-element_type=\"widget\" data-e-type=\"widget\" data-widget_type=\"heading.default\">\n\t\t\t\t<div class=\"elementor-widget-container\">\n\t\t\t\t\t<h2 class=\"elementor-heading-title elementor-size-default\">Have questions?<\/h2>\t\t\t\t<\/div>\n\t\t\t\t<\/div>\n\t\t\t\t<div class=\"elementor-element elementor-element-71134131 elementor-widget elementor-widget-text-editor\" data-id=\"71134131\" data-element_type=\"widget\" data-e-type=\"widget\" data-widget_type=\"text-editor.default\">\n\t\t\t\t<div class=\"elementor-widget-container\">\n\t\t\t\t\t\t\t\t\t<p>We would love to discuss your next project with you<\/p>\t\t\t\t\t\t\t\t<\/div>\n\t\t\t\t<\/div>\n\t\t\t\t<div class=\"elementor-element elementor-element-5350b7eb elementor-align-center elementor-widget elementor-widget-button\" data-id=\"5350b7eb\" data-element_type=\"widget\" data-e-type=\"widget\" data-widget_type=\"button.default\">\n\t\t\t\t<div class=\"elementor-widget-container\">\n\t\t\t\t\t\t\t\t\t<div class=\"elementor-button-wrapper\">\n\t\t\t\t\t<a class=\"elementor-button elementor-button-link elementor-size-sm\" href=\"https:\/\/www.capt-air.com\/contact\/\">\n\t\t\t\t\t\t<span class=\"elementor-button-content-wrapper\">\n\t\t\t\t\t\t\t\t\t<span class=\"elementor-button-text\">Contact Us<\/span>\n\t\t\t\t\t<\/span>\n\t\t\t\t\t<\/a>\n\t\t\t\t<\/div>\n\t\t\t\t\t\t\t\t<\/div>\n\t\t\t\t<\/div>\n\t\t\t\t<\/div>\n\t\t<div class=\"has_eae_slider elementor-element elementor-element-676e945c e-con-full e-flex e-con e-child\" data-eae-slider=\"95591\" data-id=\"676e945c\" data-element_type=\"container\" data-e-type=\"container\">\n\t\t\t\t<\/div>\n\t\t\t\t<\/div>\n\t\t\t\t<\/div>\n\t\t\t\t<\/div>\n\t\t\t\t<\/div>\n\t\t","protected":false},"excerpt":{"rendered":"<p>Les connecteurs QCC de Capt-Air sont con\u00e7us pour offrir une connexion ultra-rapide, s\u00e9curis\u00e9e et sans effort, simplement en ins\u00e9rant le connecteur m\u00e2le dans son homologue femelle pour un ajustement parfait et \u00e9tanche \u00e0 l\u2019air.<\/p>","protected":false},"author":2,"featured_media":0,"parent":1644,"menu_order":0,"comment_status":"closed","ping_status":"closed","template":"","meta":{"footnotes":""},"class_list":["post-6066","page","type-page","status-publish","hentry"],"aioseo_notices":[],"_links":{"self":[{"href":"https:\/\/www.capt-air.com\/fr\/wp-json\/wp\/v2\/pages\/6066","targetHints":{"allow":["GET"]}}],"collection":[{"href":"https:\/\/www.capt-air.com\/fr\/wp-json\/wp\/v2\/pages"}],"about":[{"href":"https:\/\/www.capt-air.com\/fr\/wp-json\/wp\/v2\/types\/page"}],"author":[{"embeddable":true,"href":"https:\/\/www.capt-air.com\/fr\/wp-json\/wp\/v2\/users\/2"}],"replies":[{"embeddable":true,"href":"https:\/\/www.capt-air.com\/fr\/wp-json\/wp\/v2\/comments?post=6066"}],"version-history":[{"count":5,"href":"https:\/\/www.capt-air.com\/fr\/wp-json\/wp\/v2\/pages\/6066\/revisions"}],"predecessor-version":[{"id":6079,"href":"https:\/\/www.capt-air.com\/fr\/wp-json\/wp\/v2\/pages\/6066\/revisions\/6079"}],"up":[{"embeddable":true,"href":"https:\/\/www.capt-air.com\/fr\/wp-json\/wp\/v2\/pages\/1644"}],"wp:attachment":[{"href":"https:\/\/www.capt-air.com\/fr\/wp-json\/wp\/v2\/media?parent=6066"}],"curies":[{"name":"wp","href":"https:\/\/api.w.org\/{rel}","templated":true}]}}