{"id":5231,"date":"2024-05-02T16:36:25","date_gmt":"2024-05-02T20:36:25","guid":{"rendered":"https:\/\/www.capt-air.com\/?page_id=5231"},"modified":"2026-03-03T10:02:09","modified_gmt":"2026-03-03T15:02:09","slug":"politique-de-cookies","status":"publish","type":"page","link":"https:\/\/www.capt-air.com\/fr\/corporate\/cookie-policy\/","title":{"rendered":"Politique de Cookies"},"content":{"rendered":"<div data-elementor-type=\"wp-page\" data-elementor-id=\"5231\" class=\"elementor elementor-5231\" data-elementor-post-type=\"page\">\n\t\t\t\t<div class=\"has_eae_slider elementor-element elementor-element-130036a e-con-full e-flex e-con e-parent\" data-eae-slider=\"96994\" data-id=\"130036a\" data-element_type=\"container\" data-e-type=\"container\" data-settings=\"{&quot;background_background&quot;:&quot;classic&quot;}\">\n\t\t<div class=\"has_eae_slider elementor-element elementor-element-af24912 e-con-full e-flex e-con e-child\" data-eae-slider=\"57588\" data-id=\"af24912\" data-element_type=\"container\" data-e-type=\"container\">\n\t\t<div class=\"has_eae_slider elementor-element elementor-element-f09d10a e-con-full e-flex e-con e-child\" data-eae-slider=\"84989\" data-id=\"f09d10a\" data-element_type=\"container\" data-e-type=\"container\">\n\t\t<div class=\"has_eae_slider elementor-element elementor-element-35e28f0 e-con-full e-flex e-con e-child\" data-eae-slider=\"17076\" data-id=\"35e28f0\" data-element_type=\"container\" data-e-type=\"container\">\n\t\t\t\t<div class=\"elementor-element elementor-element-1e4d567 elementor-widget elementor-widget-theme-site-logo elementor-widget-image\" data-id=\"1e4d567\" data-element_type=\"widget\" data-e-type=\"widget\" data-widget_type=\"theme-site-logo.default\">\n\t\t\t\t<div class=\"elementor-widget-container\">\n\t\t\t\t\t\t\t\t\t\t\t<a href=\"https:\/\/www.capt-air.com\/fr\">\n\t\t\t<img fetchpriority=\"high\" decoding=\"async\" width=\"1537\" height=\"260\" src=\"https:\/\/www.capt-air.com\/wp-content\/uploads\/2022\/05\/logo.svg\" class=\"attachment-full size-full wp-image-341\" alt=\"Capt-Air Inc logo\" \/>\t\t\t\t<\/a>\n\t\t\t\t\t\t\t\t\t\t\t<\/div>\n\t\t\t\t<\/div>\n\t\t\t\t<\/div>\n\t\t<div class=\"has_eae_slider elementor-element elementor-element-b86f2b3 e-con-full e-flex e-con e-child\" data-eae-slider=\"70625\" data-id=\"b86f2b3\" data-element_type=\"container\" data-e-type=\"container\">\n\t\t\t\t<div class=\"elementor-element elementor-element-28ab5d8 elementor-widget elementor-widget-heading\" data-id=\"28ab5d8\" data-element_type=\"widget\" data-e-type=\"widget\" data-widget_type=\"heading.default\">\n\t\t\t\t<div class=\"elementor-widget-container\">\n\t\t\t\t\t<h1 class=\"elementor-heading-title elementor-size-xxl\">Politique de Cookies<\/h1>\t\t\t\t<\/div>\n\t\t\t\t<\/div>\n\t\t\t\t<\/div>\n\t\t\t\t<\/div>\n\t\t\t\t<\/div>\n\t\t\t\t<\/div>\n\t\t<div class=\"has_eae_slider elementor-element elementor-element-e2534f5 e-flex e-con-boxed e-con e-parent\" data-eae-slider=\"19205\" data-id=\"e2534f5\" data-element_type=\"container\" data-e-type=\"container\">\n\t\t\t\t\t<div class=\"e-con-inner\">\n\t\t<div class=\"has_eae_slider elementor-element elementor-element-e4897c3 e-con-full e-flex e-con e-child\" data-eae-slider=\"88418\" data-id=\"e4897c3\" data-element_type=\"container\" data-e-type=\"container\">\n\t\t\t\t<div class=\"elementor-element elementor-element-e398ebf elementor-widget elementor-widget-heading\" data-id=\"e398ebf\" data-element_type=\"widget\" data-e-type=\"widget\" data-widget_type=\"heading.default\">\n\t\t\t\t<div class=\"elementor-widget-container\">\n\t\t\t\t\t<h2 class=\"elementor-heading-title elementor-size-default\">Politique de Cookies\n<\/h2>\t\t\t\t<\/div>\n\t\t\t\t<\/div>\n\t\t\t\t<div class=\"elementor-element elementor-element-1f26899 elementor-widget elementor-widget-text-editor\" data-id=\"1f26899\" data-element_type=\"widget\" data-e-type=\"widget\" data-widget_type=\"text-editor.default\">\n\t\t\t\t<div class=\"elementor-widget-container\">\n\t\t\t\t\t\t\t\t\t<p>De nombreux sites Web utilisent des t\u00e9moins, des pixels, des balises ou des outils similaires appel\u00e9s \"cookies\" pour stocker de l'information sur votre navigateur ou votre appareil. Nous et les tiers avec lesquels nous travaillons pouvons utiliser des cookies sur les sites web d'Capt-Air Inc. pour offrir aux utilisateurs le meilleur contenu et la meilleure exp\u00e9rience en ligne en m\u00e9morisant vos pr\u00e9f\u00e9rences, en am\u00e9liorant les performances du site web et l'exp\u00e9rience de l'utilisateur et en vous recommandant le contenu que nous pensons \u00eatre le plus pertinent pour vous. La plupart des cookies recueillent des informations anonymes telles que la mani\u00e8re dont les utilisateurs arrivent sur le site et l'utilisent. Certains cookies sont n\u00e9cessaires au bon fonctionnement du site web, mais vous pouvez choisir de ne pas autoriser d'autres types de cookies en param\u00e9trant vos pr\u00e9f\u00e9rences en mati\u00e8re de cookies.<u><\/u><u><\/u><\/p><p>Nous utilisons des cookies pour offrir aux utilisateurs le meilleur contenu et la meilleure exp\u00e9rience en ligne. En cliquant sur \"Accepter les cookies\" ou en cliquant sur n'importe quel contenu de ce site, vous acceptez que nous utilisions tous les cookies.<u><\/u><u><\/u><\/p><p>Certains cookies sont n\u00e9cessaires au fonctionnement du site et ne peuvent pas \u00eatre d\u00e9sactiv\u00e9s dans nos syst\u00e8mes. Ils ne sont g\u00e9n\u00e9ralement install\u00e9s qu'en r\u00e9ponse \u00e0 des actions que vous effectuez et qui \u00e9quivalent \u00e0 une demande de services, telles que le r\u00e9glage de vos pr\u00e9f\u00e9rences en mati\u00e8re de confidentialit\u00e9, l'ouverture d'une session ou le remplissage de formulaires. Vous pouvez configurer votre navigateur pour qu'il bloque ces cookies ou vous en avertisse, mais certaines parties du site ne fonctionneront pas. Ces cookies ne stockent aucune information personnelle identifiable.<u><\/u><u><\/u><\/p><p>Les cookies fonctionnels permettent au site d'offrir une fonctionnalit\u00e9 et une personnalisation am\u00e9lior\u00e9s. Ils peuvent \u00eatre mis en place par nous ou par des fournisseurs tiers dont nous avons utilis\u00e9 les services.  Si vous n'autorisez pas ces cookies, il se peut que tout ou partie de ces services ne fonctionnent pas correctement.<u><\/u><u><\/u><\/p><p>Les cookies de performance nous permettent de compter les visites et les sources de trafic afin de mesurer et d'am\u00e9liorer la performance de notre site. Ils nous aident \u00e0 savoir quelles sont les pages les plus et les moins populaires et \u00e0 voir comment les visiteurs se d\u00e9placent sur notre site. Toutes les informations collect\u00e9es par ces cookies sont agr\u00e9g\u00e9es et donc anonymes. Si vous n'autorisez pas ces cookies, nous ne saurons pas quand vous avez visit\u00e9 notre site et nous ne pourrons pas contr\u00f4ler ses performances.<u><\/u><u><\/u><\/p><p>Des cookies de marketing peuvent \u00eatre install\u00e9s sur notre site par nos partenaires publicitaires. Ils peuvent \u00eatre utilis\u00e9s par ces soci\u00e9t\u00e9s pour \u00e9tablir un profil de vos int\u00e9r\u00eats et vous montrer un contenu pertinent sur d'autres sites. Ils ne stockent pas d'informations personnelles sp\u00e9cifiques mais sont bas\u00e9s sur l'identification unique de votre navigateur ou de votre appareil. Si vous n'autorisez pas ces cookies, la publicit\u00e9 sera moins cibl\u00e9e.<u><\/u><u><\/u><\/p><p><b>Si vous estimez que nous ne respectons pas cette politique en mati\u00e8re de cookies, vous devez nous contacter imm\u00e9diatement via notre page de contact.<\/b><\/p>\t\t\t\t\t\t\t\t<\/div>\n\t\t\t\t<\/div>\n\t\t\t\t<div class=\"elementor-element elementor-element-3f0e0af elementor-widget elementor-widget-text-editor\" data-id=\"3f0e0af\" data-element_type=\"widget\" data-e-type=\"widget\" data-widget_type=\"text-editor.default\">\n\t\t\t\t<div class=\"elementor-widget-container\">\n\t\t\t\t\t\t\t\t\t<p><b>Responsable de la protection des renseignements personnels :<br \/><\/b><b>David Clermont, vice-pr\u00e9sident\u00a0<br \/><\/b><span style=\"font-weight: 400;\">CAPT-AIR INC.\u00a0<br \/><\/span><span style=\"font-weight: 400;\">8001 rue Larrey\u00a0<br \/><\/span><span style=\"font-weight: 400;\">Montr\u00e9al (Qu\u00e9bec) H1J 2L4\u00a0<\/span><\/p><p><span style=\"font-weight: 400;\">Courriel : <a href=\"mailto:dclermont@capt-air.com\">dclermont@capt-air.com\u00a0<\/a><\/span><\/p><p><span style=\"font-weight: 400;\">Tel. : 514-273-4331<\/span><\/p>\t\t\t\t\t\t\t\t<\/div>\n\t\t\t\t<\/div>\n\t\t\t\t<\/div>\n\t\t\t\t\t<\/div>\n\t\t\t\t<\/div>\n\t\t\t\t<\/div>","protected":false},"excerpt":{"rendered":"<p>Cookie Policy Cookie Policy Many websites use cookies, pixels, beacons, or similar tools (together referred to as \u201ccookies\u201d) to store information on your browser or device. We and third parties we contract with may use cookies on the Capt-Air Inc. websites to give users the best content and online experience by remembering your preferences, improving [&hellip;]<\/p>\n","protected":false},"author":2,"featured_media":0,"parent":33,"menu_order":0,"comment_status":"closed","ping_status":"open","template":"","meta":{"footnotes":""},"class_list":["post-5231","page","type-page","status-publish","hentry"],"aioseo_notices":[],"_links":{"self":[{"href":"https:\/\/www.capt-air.com\/fr\/wp-json\/wp\/v2\/pages\/5231","targetHints":{"allow":["GET"]}}],"collection":[{"href":"https:\/\/www.capt-air.com\/fr\/wp-json\/wp\/v2\/pages"}],"about":[{"href":"https:\/\/www.capt-air.com\/fr\/wp-json\/wp\/v2\/types\/page"}],"author":[{"embeddable":true,"href":"https:\/\/www.capt-air.com\/fr\/wp-json\/wp\/v2\/users\/2"}],"replies":[{"embeddable":true,"href":"https:\/\/www.capt-air.com\/fr\/wp-json\/wp\/v2\/comments?post=5231"}],"version-history":[{"count":5,"href":"https:\/\/www.capt-air.com\/fr\/wp-json\/wp\/v2\/pages\/5231\/revisions"}],"predecessor-version":[{"id":6746,"href":"https:\/\/www.capt-air.com\/fr\/wp-json\/wp\/v2\/pages\/5231\/revisions\/6746"}],"up":[{"embeddable":true,"href":"https:\/\/www.capt-air.com\/fr\/wp-json\/wp\/v2\/pages\/33"}],"wp:attachment":[{"href":"https:\/\/www.capt-air.com\/fr\/wp-json\/wp\/v2\/media?parent=5231"}],"curies":[{"name":"wp","href":"https:\/\/api.w.org\/{rel}","templated":true}]}}