{"id":2168,"date":"2022-08-19T10:46:11","date_gmt":"2022-08-19T14:46:11","guid":{"rendered":"http:\/\/box5671.temp.domains\/~captairc\/?page_id=2168"},"modified":"2025-03-03T13:37:23","modified_gmt":"2025-03-03T18:37:23","slug":"d%c3%a9poussi%c3%a9reurs-%c3%a0-voie-humide","status":"publish","type":"page","link":"https:\/\/www.capt-air.com\/fr\/products\/dust-collectors\/wet-dust-collectors\/","title":{"rendered":"D\u00e9poussi\u00e9reurs \u00e0 voie humide"},"content":{"rendered":"\t\t<div data-elementor-type=\"wp-page\" data-elementor-id=\"2168\" class=\"elementor elementor-2168\" data-elementor-post-type=\"page\">\n\t\t\t\t<div class=\"has_eae_slider elementor-element elementor-element-ec9ba0a e-flex e-con-boxed e-con e-parent\" data-eae-slider=\"31844\" data-id=\"ec9ba0a\" data-element_type=\"container\" data-e-type=\"container\">\n\t\t\t\t\t<div class=\"e-con-inner\">\n\t\t<div class=\"has_eae_slider elementor-element elementor-element-7faf808 e-con-full e-flex e-con e-child\" data-eae-slider=\"5398\" data-id=\"7faf808\" data-element_type=\"container\" data-e-type=\"container\">\n\t\t\t\t<div class=\"elementor-element elementor-element-fcd9119 elementor-widget elementor-widget-heading\" data-id=\"fcd9119\" data-element_type=\"widget\" data-e-type=\"widget\" data-widget_type=\"heading.default\">\n\t\t\t\t<div class=\"elementor-widget-container\">\n\t\t\t\t\t<h1 class=\"elementor-heading-title elementor-size-default\">Wet Dust Collectors<\/h1>\t\t\t\t<\/div>\n\t\t\t\t<\/div>\n\t\t\t\t<div class=\"elementor-element elementor-element-03d2776 elementor-widget elementor-widget-text-editor\" data-id=\"03d2776\" data-element_type=\"widget\" data-e-type=\"widget\" data-widget_type=\"text-editor.default\">\n\t\t\t\t<div class=\"elementor-widget-container\">\n\t\t\t\t\t\t\t\t\t<p>Ducted, Booth and Downdraft Benches<\/p>\t\t\t\t\t\t\t\t<\/div>\n\t\t\t\t<\/div>\n\t\t\t\t<\/div>\n\t\t\t\t\t<\/div>\n\t\t\t\t<\/div>\n\t\t<div class=\"has_eae_slider elementor-element elementor-element-ba017e8 e-con-full e-flex e-con e-parent\" data-eae-slider=\"82975\" data-id=\"ba017e8\" data-element_type=\"container\" data-e-type=\"container\" data-settings=\"{&quot;background_background&quot;:&quot;slideshow&quot;,&quot;background_slideshow_gallery&quot;:[{&quot;id&quot;:2172,&quot;url&quot;:&quot;https:\\\/\\\/www.capt-air.com\\\/wp-content\\\/uploads\\\/2022\\\/08\\\/wet-collectors-hero.png&quot;}],&quot;background_slideshow_transition_duration&quot;:400,&quot;background_slideshow_loop&quot;:&quot;yes&quot;,&quot;background_slideshow_slide_duration&quot;:5000,&quot;background_slideshow_slide_transition&quot;:&quot;fade&quot;}\">\n\t\t<div class=\"has_eae_slider elementor-element elementor-element-44db11d e-con-full e-flex e-con e-child\" data-eae-slider=\"10175\" data-id=\"44db11d\" data-element_type=\"container\" data-e-type=\"container\">\n\t\t\t\t<\/div>\n\t\t\t\t<\/div>\n\t\t<div class=\"has_eae_slider elementor-element elementor-element-9c3385c e-flex e-con-boxed e-con e-parent\" data-eae-slider=\"75257\" data-id=\"9c3385c\" data-element_type=\"container\" data-e-type=\"container\" id=\"first\">\n\t\t\t\t\t<div class=\"e-con-inner\">\n\t\t<div class=\"has_eae_slider elementor-element elementor-element-b422aeb e-con-full e-flex e-con e-child\" data-eae-slider=\"82781\" data-id=\"b422aeb\" data-element_type=\"container\" data-e-type=\"container\" data-settings=\"{&quot;background_background&quot;:&quot;classic&quot;}\">\n\t\t\t\t<div class=\"elementor-element elementor-element-6005a4a elementor-widget elementor-widget-text-editor\" data-id=\"6005a4a\" data-element_type=\"widget\" data-e-type=\"widget\" id=\"breadcrumb-wrapper\" data-widget_type=\"text-editor.default\">\n\t\t\t\t<div class=\"elementor-widget-container\">\n\t\t\t\t\t\t\t\t\t<p>breadcrumb &gt;&gt; list<\/p>\t\t\t\t\t\t\t\t<\/div>\n\t\t\t\t<\/div>\n\t\t\t\t<\/div>\n\t\t\t\t\t<\/div>\n\t\t\t\t<\/div>\n\t\t<div class=\"has_eae_slider elementor-element elementor-element-36338ba e-flex e-con-boxed e-con e-parent\" data-eae-slider=\"44021\" data-id=\"36338ba\" data-element_type=\"container\" data-e-type=\"container\">\n\t\t\t\t\t<div class=\"e-con-inner\">\n\t\t<div class=\"has_eae_slider elementor-element elementor-element-cb8537a e-con-full e-flex e-con e-child\" data-eae-slider=\"71386\" data-id=\"cb8537a\" data-element_type=\"container\" data-e-type=\"container\">\n\t\t\t\t<div class=\"elementor-element elementor-element-a57a565 elementor-widget elementor-widget-text-editor\" data-id=\"a57a565\" data-element_type=\"widget\" data-e-type=\"widget\" data-widget_type=\"text-editor.default\">\n\t\t\t\t<div class=\"elementor-widget-container\">\n\t\t\t\t\t\t\t\t\tCapt-Air supplies Uni-Wash wet dust collectors for combustible metal, pharmaceutical &amp; food processing applications in ducted, downdraft bench &amp; booth collector styles.\t\t\t\t\t\t\t\t<\/div>\n\t\t\t\t<\/div>\n\t\t\t\t<\/div>\n\t\t\t\t\t<\/div>\n\t\t\t\t<\/div>\n\t\t<div class=\"has_eae_slider elementor-element elementor-element-5eaf6f7 e-flex e-con-boxed e-con e-parent\" data-eae-slider=\"74088\" data-id=\"5eaf6f7\" data-element_type=\"container\" data-e-type=\"container\" data-settings=\"{&quot;background_background&quot;:&quot;classic&quot;}\">\n\t\t\t\t\t<div class=\"e-con-inner\">\n\t\t<div class=\"has_eae_slider elementor-element elementor-element-c64c67b e-con-full e-flex e-con e-child\" data-eae-slider=\"56597\" data-id=\"c64c67b\" data-element_type=\"container\" data-e-type=\"container\">\n\t\t\t\t<div class=\"elementor-element elementor-element-0cd5def elementor-widget elementor-widget-heading\" data-id=\"0cd5def\" data-element_type=\"widget\" data-e-type=\"widget\" data-widget_type=\"heading.default\">\n\t\t\t\t<div class=\"elementor-widget-container\">\n\t\t\t\t\t<h2 class=\"elementor-heading-title elementor-size-default\">Uni-Wash Wet Dust Collectors<\/h2>\t\t\t\t<\/div>\n\t\t\t\t<\/div>\n\t\t<div class=\"has_eae_slider elementor-element elementor-element-c188fef e-con-full e-flex e-con e-child\" data-eae-slider=\"68838\" data-id=\"c188fef\" data-element_type=\"container\" data-e-type=\"container\">\n\t\t<div class=\"has_eae_slider elementor-element elementor-element-e808ecf e-con-full e-flex e-con e-child\" data-eae-slider=\"85382\" data-id=\"e808ecf\" data-element_type=\"container\" data-e-type=\"container\">\n\t\t\t\t<div class=\"elementor-element elementor-element-4b51bfc elementor-widget elementor-widget-text-editor\" data-id=\"4b51bfc\" data-element_type=\"widget\" data-e-type=\"widget\" data-widget_type=\"text-editor.default\">\n\t\t\t\t<div class=\"elementor-widget-container\">\n\t\t\t\t\t\t\t\t\t<h4>Wet Collection Applications<\/h4><p>Built for heavy industrial use, Uni-Wash Wet dust collectors are required for the safe collection of combustible metal dust such as aluminum dust collection, titanium dust collection and magnesium dust collection. Uni-Wash Wet Dust Collectors have also been used effectively in many other difficult applications in lieu of cartridge collectors in industries such as food processing dust collection and pharmaceutical dust collection . The unique scrub design has been an industry standard for over 40 years and continues to lead the industry in Wet Dust Collection efficiency.<\/p><h4>Wet Collector Configurations<\/h4><p>ProVent Wet Dust Collector designs can be configured as piped systems, containment booths, and down draft benches. There are many sizes and configurations available and custom requests are always welcomed.<\/p>\t\t\t\t\t\t\t\t<\/div>\n\t\t\t\t<\/div>\n\t\t\t\t<\/div>\n\t\t<div class=\"has_eae_slider elementor-element elementor-element-55c7aab e-con-full e-flex e-con e-child\" data-eae-slider=\"69201\" data-id=\"55c7aab\" data-element_type=\"container\" data-e-type=\"container\">\n\t\t\t\t<div class=\"elementor-element elementor-element-b754d01 elementor-widget elementor-widget-text-editor\" data-id=\"b754d01\" data-element_type=\"widget\" data-e-type=\"widget\" data-widget_type=\"text-editor.default\">\n\t\t\t\t<div class=\"elementor-widget-container\">\n\t\t\t\t\t\t\t\t\t<h4>NFPA 484 Compliance<\/h4><p>Uni-Wash Wet Type Dust Collectors fulfill National Fire Protection Association (NFPA) Standard 484 for the capture of combustible metal dusts created in processes involving aluminum, magnesium, titanium, and zirconium (when purchased with the PRO package). If your process involves any or one of these materials, Uni-Wash Type Dust Collectors will greatly decrease the risk of fire and explosion in your facility \u2013 keeping your workers and your product clean, safe, and compliant.<\/p><h4>Self-Contained with Little Water Requirements<\/h4><p>Units are self-contained and require little or no water after filling. Installation and start-up are simple.<\/p><h4>\u00a0<\/h4>\t\t\t\t\t\t\t\t<\/div>\n\t\t\t\t<\/div>\n\t\t\t\t<div class=\"elementor-element elementor-element-0e1930a elementor-widget elementor-widget-image\" data-id=\"0e1930a\" data-element_type=\"widget\" data-e-type=\"widget\" data-widget_type=\"image.default\">\n\t\t\t\t<div class=\"elementor-widget-container\">\n\t\t\t\t\t\t\t\t\t\t\t\t\t\t\t<img fetchpriority=\"high\" decoding=\"async\" width=\"380\" height=\"151\" src=\"https:\/\/www.capt-air.com\/wp-content\/uploads\/2022\/08\/water-drop-380x151.png\" class=\"attachment-medium size-medium wp-image-2173\" alt=\"Drop of Water -\" srcset=\"https:\/\/www.capt-air.com\/wp-content\/uploads\/2022\/08\/water-drop-380x151.png 380w, https:\/\/www.capt-air.com\/wp-content\/uploads\/2022\/08\/water-drop-18x7.png 18w, https:\/\/www.capt-air.com\/wp-content\/uploads\/2022\/08\/water-drop.png 565w\" sizes=\"(max-width: 380px) 100vw, 380px\" \/>\t\t\t\t\t\t\t\t\t\t\t\t\t\t\t<\/div>\n\t\t\t\t<\/div>\n\t\t\t\t<\/div>\n\t\t\t\t<\/div>\n\t\t\t\t<\/div>\n\t\t\t\t\t<\/div>\n\t\t\t\t<\/div>\n\t\t<div class=\"has_eae_slider elementor-element elementor-element-c78bfd0 e-flex e-con-boxed e-con e-parent\" data-eae-slider=\"65666\" data-id=\"c78bfd0\" data-element_type=\"container\" data-e-type=\"container\" data-settings=\"{&quot;background_background&quot;:&quot;slideshow&quot;,&quot;background_slideshow_gallery&quot;:[{&quot;id&quot;:2192,&quot;url&quot;:&quot;https:\\\/\\\/www.capt-air.com\\\/wp-content\\\/uploads\\\/2022\\\/08\\\/b8a52c8a26408565e9a9ffae173047a3.jpg&quot;}],&quot;background_slideshow_loop&quot;:&quot;yes&quot;,&quot;background_slideshow_slide_duration&quot;:5000,&quot;background_slideshow_slide_transition&quot;:&quot;fade&quot;,&quot;background_slideshow_transition_duration&quot;:500}\">\n\t\t\t\t\t<div class=\"e-con-inner\">\n\t\t<div class=\"has_eae_slider elementor-element elementor-element-31c6f47 e-con-full e-flex e-con e-child\" data-eae-slider=\"52544\" data-id=\"31c6f47\" data-element_type=\"container\" data-e-type=\"container\">\n\t\t\t\t<div class=\"elementor-element elementor-element-0eb7c90 elementor-widget elementor-widget-heading\" data-id=\"0eb7c90\" data-element_type=\"widget\" data-e-type=\"widget\" data-widget_type=\"heading.default\">\n\t\t\t\t<div class=\"elementor-widget-container\">\n\t\t\t\t\t<h3 class=\"elementor-heading-title elementor-size-default\">Wet Collector Products<\/h3>\t\t\t\t<\/div>\n\t\t\t\t<\/div>\n\t\t<div class=\"has_eae_slider elementor-element elementor-element-e2e692a e-con-full e-flex e-con e-child\" data-eae-slider=\"19306\" data-id=\"e2e692a\" data-element_type=\"container\" data-e-type=\"container\">\n\t\t<div class=\"has_eae_slider elementor-element elementor-element-9efb521 click-child e-con-full e-flex e-con e-child\" data-eae-slider=\"63239\" data-id=\"9efb521\" data-element_type=\"container\" data-e-type=\"container\" data-settings=\"{&quot;background_background&quot;:&quot;classic&quot;}\">\n\t\t\t\t<div class=\"elementor-element elementor-element-4847267 elementor-widget elementor-widget-heading\" data-id=\"4847267\" data-element_type=\"widget\" data-e-type=\"widget\" data-widget_type=\"heading.default\">\n\t\t\t\t<div class=\"elementor-widget-container\">\n\t\t\t\t\t<h4 class=\"elementor-heading-title elementor-size-default\">Piped or Ducted Collectors<\/h4>\t\t\t\t<\/div>\n\t\t\t\t<\/div>\n\t\t\t\t<div class=\"elementor-element elementor-element-f462f87 elementor-widget elementor-widget-image\" data-id=\"f462f87\" data-element_type=\"widget\" data-e-type=\"widget\" data-widget_type=\"image.default\">\n\t\t\t\t<div class=\"elementor-widget-container\">\n\t\t\t\t\t\t\t\t\t\t\t\t\t\t\t<img decoding=\"async\" width=\"220\" height=\"350\" src=\"https:\/\/www.capt-air.com\/wp-content\/uploads\/2022\/08\/UC20sm.jpg\" class=\"attachment-medium size-medium wp-image-2180\" alt=\"Uni-Wash Ducted Wet Dust Collector | Capt-Air\" srcset=\"https:\/\/www.capt-air.com\/wp-content\/uploads\/2022\/08\/UC20sm.jpg 220w, https:\/\/www.capt-air.com\/wp-content\/uploads\/2022\/08\/UC20sm-8x12.jpg 8w\" sizes=\"(max-width: 220px) 100vw, 220px\" \/>\t\t\t\t\t\t\t\t\t\t\t\t\t\t\t<\/div>\n\t\t\t\t<\/div>\n\t\t\t\t<div class=\"elementor-element elementor-element-e435e8b elementor-widget elementor-widget-text-editor\" data-id=\"e435e8b\" data-element_type=\"widget\" data-e-type=\"widget\" data-widget_type=\"text-editor.default\">\n\t\t\t\t<div class=\"elementor-widget-container\">\n\t\t\t\t\t\t\t\t\t<p>The most efficient wet dust collectors on the market, the Uni-Wash series of wet dust collectors are capable of collecting dust down to 3 microns in size consuming only 3&#8243; wg. static pressure<\/p>\t\t\t\t\t\t\t\t<\/div>\n\t\t\t\t<\/div>\n\t\t\t\t<div class=\"elementor-element elementor-element-1769b20 column-link elementor-widget elementor-widget-button\" data-id=\"1769b20\" data-element_type=\"widget\" data-e-type=\"widget\" data-widget_type=\"button.default\">\n\t\t\t\t<div class=\"elementor-widget-container\">\n\t\t\t\t\t\t\t\t\t<div class=\"elementor-button-wrapper\">\n\t\t\t\t\t<a class=\"elementor-button elementor-button-link elementor-size-xs\" href=\"https:\/\/www.capt-air.com\/products\/dust-collectors\/wet-dust-collectors\/uni-wash-ducted-collectors\/\">\n\t\t\t\t\t\t<span class=\"elementor-button-content-wrapper\">\n\t\t\t\t\t\t\t\t\t<span class=\"elementor-button-text\">column-link<\/span>\n\t\t\t\t\t<\/span>\n\t\t\t\t\t<\/a>\n\t\t\t\t<\/div>\n\t\t\t\t\t\t\t\t<\/div>\n\t\t\t\t<\/div>\n\t\t\t\t<\/div>\n\t\t<div class=\"has_eae_slider elementor-element elementor-element-cc21927 click-child e-con-full e-flex e-con e-child\" data-eae-slider=\"25296\" data-id=\"cc21927\" data-element_type=\"container\" data-e-type=\"container\" data-settings=\"{&quot;background_background&quot;:&quot;classic&quot;}\">\n\t\t\t\t<div class=\"elementor-element elementor-element-444fb04 elementor-widget elementor-widget-heading\" data-id=\"444fb04\" data-element_type=\"widget\" data-e-type=\"widget\" data-widget_type=\"heading.default\">\n\t\t\t\t<div class=\"elementor-widget-container\">\n\t\t\t\t\t<h4 class=\"elementor-heading-title elementor-size-default\">Downdraft Benches<\/h4>\t\t\t\t<\/div>\n\t\t\t\t<\/div>\n\t\t\t\t<div class=\"elementor-element elementor-element-c33dd38 elementor-widget elementor-widget-image\" data-id=\"c33dd38\" data-element_type=\"widget\" data-e-type=\"widget\" data-widget_type=\"image.default\">\n\t\t\t\t<div class=\"elementor-widget-container\">\n\t\t\t\t\t\t\t\t\t\t\t\t\t\t\t<img decoding=\"async\" width=\"250\" height=\"174\" src=\"https:\/\/www.capt-air.com\/wp-content\/uploads\/2022\/08\/downdraft-bench.gif\" class=\"attachment-medium size-medium wp-image-2184\" alt=\"Uni-Wash Wet Downdraft Bench Collector | Capt-Air\" \/>\t\t\t\t\t\t\t\t\t\t\t\t\t\t\t<\/div>\n\t\t\t\t<\/div>\n\t\t\t\t<div class=\"elementor-element elementor-element-45f7358 elementor-widget elementor-widget-text-editor\" data-id=\"45f7358\" data-element_type=\"widget\" data-e-type=\"widget\" data-widget_type=\"text-editor.default\">\n\t\t\t\t<div class=\"elementor-widget-container\">\n\t\t\t\t\t\t\t\t\t<p>Uni-Wash wet dust collection downdraft tables are fully complaint with the\u00a0 NFPA 484 standard when purchased with the AccuScrub or AccuScrub PRO control panel option<\/p>\t\t\t\t\t\t\t\t<\/div>\n\t\t\t\t<\/div>\n\t\t\t\t<div class=\"elementor-element elementor-element-2e751d5 column-link elementor-widget elementor-widget-button\" data-id=\"2e751d5\" data-element_type=\"widget\" data-e-type=\"widget\" data-widget_type=\"button.default\">\n\t\t\t\t<div class=\"elementor-widget-container\">\n\t\t\t\t\t\t\t\t\t<div class=\"elementor-button-wrapper\">\n\t\t\t\t\t<a class=\"elementor-button elementor-button-link elementor-size-xs\" href=\"https:\/\/www.capt-air.com\/products\/dust-collectors\/wet-dust-collectors\/uni-wash-downdraft-bench\/\">\n\t\t\t\t\t\t<span class=\"elementor-button-content-wrapper\">\n\t\t\t\t\t\t\t\t\t<span class=\"elementor-button-text\">column-link<\/span>\n\t\t\t\t\t<\/span>\n\t\t\t\t\t<\/a>\n\t\t\t\t<\/div>\n\t\t\t\t\t\t\t\t<\/div>\n\t\t\t\t<\/div>\n\t\t\t\t<\/div>\n\t\t<div class=\"has_eae_slider elementor-element elementor-element-1f5614e click-child e-con-full e-flex e-con e-child\" data-eae-slider=\"94367\" data-id=\"1f5614e\" data-element_type=\"container\" data-e-type=\"container\" data-settings=\"{&quot;background_background&quot;:&quot;classic&quot;}\">\n\t\t\t\t<div class=\"elementor-element elementor-element-189c35d elementor-widget elementor-widget-heading\" data-id=\"189c35d\" data-element_type=\"widget\" data-e-type=\"widget\" data-widget_type=\"heading.default\">\n\t\t\t\t<div class=\"elementor-widget-container\">\n\t\t\t\t\t<h4 class=\"elementor-heading-title elementor-size-default\">Wet Booth Collectors<\/h4>\t\t\t\t<\/div>\n\t\t\t\t<\/div>\n\t\t\t\t<div class=\"elementor-element elementor-element-143e245 elementor-widget elementor-widget-image\" data-id=\"143e245\" data-element_type=\"widget\" data-e-type=\"widget\" data-widget_type=\"image.default\">\n\t\t\t\t<div class=\"elementor-widget-container\">\n\t\t\t\t\t\t\t\t\t\t\t\t\t\t\t<img loading=\"lazy\" decoding=\"async\" width=\"250\" height=\"300\" src=\"https:\/\/www.capt-air.com\/wp-content\/uploads\/2022\/08\/wet-booth-collector.gif\" class=\"attachment-medium size-medium wp-image-2185\" alt=\"Uni-Wash Wet Booth Collection System | Capt-Air\" \/>\t\t\t\t\t\t\t\t\t\t\t\t\t\t\t<\/div>\n\t\t\t\t<\/div>\n\t\t\t\t<div class=\"elementor-element elementor-element-c39f4d9 elementor-widget elementor-widget-text-editor\" data-id=\"c39f4d9\" data-element_type=\"widget\" data-e-type=\"widget\" data-widget_type=\"text-editor.default\">\n\t\t\t\t<div class=\"elementor-widget-container\">\n\t\t\t\t\t\t\t\t\t<p>Wet dust collection booths can be utilized when source capture of an application is not efficient.\u00a0 Dust from your application will be contained within the booth.\u00a0 Air is continuously pulled into the Uni-Wash UEWC at the rear of the booth, filtered and exhausted into the ambient air of the facility.<\/p>\t\t\t\t\t\t\t\t<\/div>\n\t\t\t\t<\/div>\n\t\t\t\t<div class=\"elementor-element elementor-element-dba5501 column-link elementor-widget elementor-widget-button\" data-id=\"dba5501\" data-element_type=\"widget\" data-e-type=\"widget\" data-widget_type=\"button.default\">\n\t\t\t\t<div class=\"elementor-widget-container\">\n\t\t\t\t\t\t\t\t\t<div class=\"elementor-button-wrapper\">\n\t\t\t\t\t<a class=\"elementor-button elementor-button-link elementor-size-xs\" href=\"https:\/\/www.capt-air.com\/products\/dust-collectors\/wet-dust-collectors\/uni-wash-wet-collection-booths-enclosures\/\">\n\t\t\t\t\t\t<span class=\"elementor-button-content-wrapper\">\n\t\t\t\t\t\t\t\t\t<span class=\"elementor-button-text\">column-link<\/span>\n\t\t\t\t\t<\/span>\n\t\t\t\t\t<\/a>\n\t\t\t\t<\/div>\n\t\t\t\t\t\t\t\t<\/div>\n\t\t\t\t<\/div>\n\t\t\t\t<\/div>\n\t\t\t\t<\/div>\n\t\t\t\t<\/div>\n\t\t\t\t\t<\/div>\n\t\t\t\t<\/div>\n\t\t<div class=\"has_eae_slider elementor-element elementor-element-4b4f3f94 e-con-full e-flex e-con e-parent\" data-eae-slider=\"89344\" data-id=\"4b4f3f94\" data-element_type=\"container\" data-e-type=\"container\" data-settings=\"{&quot;background_background&quot;:&quot;slideshow&quot;,&quot;background_slideshow_gallery&quot;:[{&quot;id&quot;:603,&quot;url&quot;:&quot;https:\\\/\\\/www.capt-air.com\\\/wp-content\\\/uploads\\\/2022\\\/05\\\/61283750_m-scaled.jpg&quot;}],&quot;background_slideshow_loop&quot;:&quot;yes&quot;,&quot;background_slideshow_slide_duration&quot;:5000,&quot;background_slideshow_slide_transition&quot;:&quot;fade&quot;,&quot;background_slideshow_transition_duration&quot;:500}\">\n\t\t<div class=\"has_eae_slider elementor-element elementor-element-3905ba39 e-con-full e-flex e-con e-child\" data-eae-slider=\"51611\" data-id=\"3905ba39\" data-element_type=\"container\" data-e-type=\"container\">\n\t\t<div class=\"has_eae_slider elementor-element elementor-element-1cb6dc7d e-con-full e-flex e-con e-child\" data-eae-slider=\"28748\" data-id=\"1cb6dc7d\" data-element_type=\"container\" data-e-type=\"container\">\n\t\t<div class=\"has_eae_slider elementor-element elementor-element-1ac762d6 e-con-full e-flex e-con e-child\" data-eae-slider=\"421\" data-id=\"1ac762d6\" data-element_type=\"container\" data-e-type=\"container\" data-settings=\"{&quot;background_background&quot;:&quot;classic&quot;}\">\n\t\t\t\t<div class=\"elementor-element elementor-element-63824b6d elementor-widget elementor-widget-heading\" data-id=\"63824b6d\" data-element_type=\"widget\" data-e-type=\"widget\" data-widget_type=\"heading.default\">\n\t\t\t\t<div class=\"elementor-widget-container\">\n\t\t\t\t\t<h2 class=\"elementor-heading-title elementor-size-default\">Have questions?<\/h2>\t\t\t\t<\/div>\n\t\t\t\t<\/div>\n\t\t\t\t<div class=\"elementor-element elementor-element-6011f940 elementor-widget elementor-widget-text-editor\" data-id=\"6011f940\" data-element_type=\"widget\" data-e-type=\"widget\" data-widget_type=\"text-editor.default\">\n\t\t\t\t<div class=\"elementor-widget-container\">\n\t\t\t\t\t\t\t\t\t<p>We would love to discuss your next project with you<\/p>\t\t\t\t\t\t\t\t<\/div>\n\t\t\t\t<\/div>\n\t\t\t\t<div class=\"elementor-element elementor-element-3ca6d467 elementor-align-center elementor-widget elementor-widget-button\" data-id=\"3ca6d467\" data-element_type=\"widget\" data-e-type=\"widget\" data-widget_type=\"button.default\">\n\t\t\t\t<div class=\"elementor-widget-container\">\n\t\t\t\t\t\t\t\t\t<div class=\"elementor-button-wrapper\">\n\t\t\t\t\t<a class=\"elementor-button elementor-button-link elementor-size-sm\" href=\"https:\/\/www.capt-air.com\/contact\/\">\n\t\t\t\t\t\t<span class=\"elementor-button-content-wrapper\">\n\t\t\t\t\t\t\t\t\t<span class=\"elementor-button-text\">Contact Us<\/span>\n\t\t\t\t\t<\/span>\n\t\t\t\t\t<\/a>\n\t\t\t\t<\/div>\n\t\t\t\t\t\t\t\t<\/div>\n\t\t\t\t<\/div>\n\t\t\t\t<\/div>\n\t\t<div class=\"has_eae_slider elementor-element elementor-element-4ebd8a94 e-con-full e-flex e-con e-child\" data-eae-slider=\"98718\" data-id=\"4ebd8a94\" data-element_type=\"container\" data-e-type=\"container\">\n\t\t\t\t<\/div>\n\t\t\t\t<\/div>\n\t\t\t\t<\/div>\n\t\t\t\t<\/div>\n\t\t\t\t<\/div>\n\t\t","protected":false},"excerpt":{"rendered":"<p>Ducted, Booth and Downdraft Benches breadcrumb &gt;&gt; list Uni-Wash Wet Dust Collectors Wet Collection Applications Built for heavy industrial use, Uni-Wash Wet dust collectors are required for the safe collection of combustible metal dust such as aluminum dust collection, titanium dust collection and magnesium dust collection. Uni-Wash Wet Dust Collectors have also been used effectively [&hellip;]<\/p>\n","protected":false},"author":2,"featured_media":0,"parent":1745,"menu_order":0,"comment_status":"closed","ping_status":"closed","template":"","meta":{"footnotes":""},"class_list":["post-2168","page","type-page","status-publish","hentry"],"aioseo_notices":[],"_links":{"self":[{"href":"https:\/\/www.capt-air.com\/fr\/wp-json\/wp\/v2\/pages\/2168","targetHints":{"allow":["GET"]}}],"collection":[{"href":"https:\/\/www.capt-air.com\/fr\/wp-json\/wp\/v2\/pages"}],"about":[{"href":"https:\/\/www.capt-air.com\/fr\/wp-json\/wp\/v2\/types\/page"}],"author":[{"embeddable":true,"href":"https:\/\/www.capt-air.com\/fr\/wp-json\/wp\/v2\/users\/2"}],"replies":[{"embeddable":true,"href":"https:\/\/www.capt-air.com\/fr\/wp-json\/wp\/v2\/comments?post=2168"}],"version-history":[{"count":5,"href":"https:\/\/www.capt-air.com\/fr\/wp-json\/wp\/v2\/pages\/2168\/revisions"}],"predecessor-version":[{"id":5781,"href":"https:\/\/www.capt-air.com\/fr\/wp-json\/wp\/v2\/pages\/2168\/revisions\/5781"}],"up":[{"embeddable":true,"href":"https:\/\/www.capt-air.com\/fr\/wp-json\/wp\/v2\/pages\/1745"}],"wp:attachment":[{"href":"https:\/\/www.capt-air.com\/fr\/wp-json\/wp\/v2\/media?parent=2168"}],"curies":[{"name":"wp","href":"https:\/\/api.w.org\/{rel}","templated":true}]}}