{"id":1835,"date":"2022-07-28T15:39:49","date_gmt":"2022-07-28T19:39:49","guid":{"rendered":"http:\/\/box5671.temp.domains\/~captairc\/?page_id=1835"},"modified":"2025-02-04T14:53:19","modified_gmt":"2025-02-04T19:53:19","slug":"dalamatic","status":"publish","type":"page","link":"https:\/\/www.capt-air.com\/fr\/products\/dust-collectors\/baghouse\/dalamatic\/","title":{"rendered":"D\u00e9poussi\u00e9reurs \u00e0 manchons Dalamatic"},"content":{"rendered":"\t\t<div data-elementor-type=\"wp-page\" data-elementor-id=\"1835\" class=\"elementor elementor-1835\" data-elementor-post-type=\"page\">\n\t\t\t\t<div class=\"has_eae_slider elementor-element elementor-element-86918ad e-flex e-con-boxed e-con e-parent\" data-eae-slider=\"39150\" data-id=\"86918ad\" data-element_type=\"container\" data-e-type=\"container\">\n\t\t\t\t\t<div class=\"e-con-inner\">\n\t\t<div class=\"has_eae_slider elementor-element elementor-element-0f538c1 e-con-full e-flex e-con e-child\" data-eae-slider=\"98262\" data-id=\"0f538c1\" data-element_type=\"container\" data-e-type=\"container\">\n\t\t\t\t<div class=\"elementor-element elementor-element-07a3eea elementor-widget elementor-widget-heading\" data-id=\"07a3eea\" data-element_type=\"widget\" data-e-type=\"widget\" data-widget_type=\"heading.default\">\n\t\t\t\t<div class=\"elementor-widget-container\">\n\t\t\t\t\t<h1 class=\"elementor-heading-title elementor-size-default\">Dalamatic Baghouse Dust Collector<\/h1>\t\t\t\t<\/div>\n\t\t\t\t<\/div>\n\t\t\t\t<div class=\"elementor-element elementor-element-6a659e6 elementor-widget elementor-widget-text-editor\" data-id=\"6a659e6\" data-element_type=\"widget\" data-e-type=\"widget\" data-widget_type=\"text-editor.default\">\n\t\t\t\t<div class=\"elementor-widget-container\">\n\t\t\t\t\t\t\t\t\t<p>Reliable Performance for the Most Challenging Applications<\/p>\t\t\t\t\t\t\t\t<\/div>\n\t\t\t\t<\/div>\n\t\t\t\t<\/div>\n\t\t\t\t\t<\/div>\n\t\t\t\t<\/div>\n\t\t<div class=\"has_eae_slider elementor-element elementor-element-8207104 e-con-full e-flex e-con e-parent\" data-eae-slider=\"65023\" data-id=\"8207104\" data-element_type=\"container\" data-e-type=\"container\" data-settings=\"{&quot;background_background&quot;:&quot;classic&quot;}\">\n\t\t<div class=\"has_eae_slider elementor-element elementor-element-c00a048 e-con-full e-flex e-con e-child\" data-eae-slider=\"99368\" data-id=\"c00a048\" data-element_type=\"container\" data-e-type=\"container\">\n\t\t\t\t<\/div>\n\t\t\t\t<\/div>\n\t\t<div class=\"has_eae_slider elementor-element elementor-element-f3bc23f e-flex e-con-boxed e-con e-parent\" data-eae-slider=\"34393\" data-id=\"f3bc23f\" data-element_type=\"container\" data-e-type=\"container\" id=\"first\">\n\t\t\t\t\t<div class=\"e-con-inner\">\n\t\t<div class=\"has_eae_slider elementor-element elementor-element-6058066 e-con-full e-flex e-con e-child\" data-eae-slider=\"10364\" data-id=\"6058066\" data-element_type=\"container\" data-e-type=\"container\" data-settings=\"{&quot;background_background&quot;:&quot;classic&quot;}\">\n\t\t\t\t<div class=\"elementor-element elementor-element-672b32b elementor-widget elementor-widget-text-editor\" data-id=\"672b32b\" data-element_type=\"widget\" data-e-type=\"widget\" id=\"breadcrumb-wrapper\" data-widget_type=\"text-editor.default\">\n\t\t\t\t<div class=\"elementor-widget-container\">\n\t\t\t\t\t\t\t\t\t<p>breadcrumb &gt;&gt; list<\/p>\t\t\t\t\t\t\t\t<\/div>\n\t\t\t\t<\/div>\n\t\t\t\t<\/div>\n\t\t\t\t\t<\/div>\n\t\t\t\t<\/div>\n\t\t<div class=\"has_eae_slider elementor-element elementor-element-401faaf e-flex e-con-boxed e-con e-parent\" data-eae-slider=\"13133\" data-id=\"401faaf\" data-element_type=\"container\" data-e-type=\"container\">\n\t\t\t\t\t<div class=\"e-con-inner\">\n\t\t<div class=\"has_eae_slider elementor-element elementor-element-3d7dd9b e-con-full e-flex e-con e-child\" data-eae-slider=\"89713\" data-id=\"3d7dd9b\" data-element_type=\"container\" data-e-type=\"container\">\n\t\t\t\t<div class=\"elementor-element elementor-element-991a354 elementor-widget elementor-widget-text-editor\" data-id=\"991a354\" data-element_type=\"widget\" data-e-type=\"widget\" data-widget_type=\"text-editor.default\">\n\t\t\t\t<div class=\"elementor-widget-container\">\n\t\t\t\t\t\t\t\t\tCapt-Air supplies the versatile Donaldson Torit\u00ae Dalamatic\u00ae series of dust collectors to deliver a powerful solution for nearly any dust filtration application.\t\t\t\t\t\t\t\t<\/div>\n\t\t\t\t<\/div>\n\t\t\t\t<\/div>\n\t\t\t\t\t<\/div>\n\t\t\t\t<\/div>\n\t\t<div class=\"has_eae_slider elementor-element elementor-element-f19806d e-flex e-con-boxed e-con e-parent\" data-eae-slider=\"2200\" data-id=\"f19806d\" data-element_type=\"container\" data-e-type=\"container\" data-settings=\"{&quot;background_background&quot;:&quot;classic&quot;}\">\n\t\t\t\t\t<div class=\"e-con-inner\">\n\t\t<div class=\"has_eae_slider elementor-element elementor-element-45bc4cd e-con-full e-flex e-con e-child\" data-eae-slider=\"40287\" data-id=\"45bc4cd\" data-element_type=\"container\" data-e-type=\"container\">\n\t\t\t\t<div class=\"elementor-element elementor-element-91d64d2 elementor-widget elementor-widget-heading\" data-id=\"91d64d2\" data-element_type=\"widget\" data-e-type=\"widget\" data-widget_type=\"heading.default\">\n\t\t\t\t<div class=\"elementor-widget-container\">\n\t\t\t\t\t<h2 class=\"elementor-heading-title elementor-size-default\">Donaldson Dalamatic Baghouse<\/h2>\t\t\t\t<\/div>\n\t\t\t\t<\/div>\n\t\t<div class=\"has_eae_slider elementor-element elementor-element-995c3a9 e-con-full e-flex e-con e-child\" data-eae-slider=\"12206\" data-id=\"995c3a9\" data-element_type=\"container\" data-e-type=\"container\">\n\t\t<div class=\"has_eae_slider elementor-element elementor-element-bc411e7 e-con-full e-flex e-con e-child\" data-eae-slider=\"35538\" data-id=\"bc411e7\" data-element_type=\"container\" data-e-type=\"container\">\n\t\t\t\t<div class=\"elementor-element elementor-element-36d07a2 elementor-widget elementor-widget-text-editor\" data-id=\"36d07a2\" data-element_type=\"widget\" data-e-type=\"widget\" data-widget_type=\"text-editor.default\">\n\t\t\t\t<div class=\"elementor-widget-container\">\n\t\t\t\t\t\t\t\t\t<p class=\"avtorit-Element-P\">The Dalamatic\u00ae series of dust collectors (Cased and Insertable) are unique in that they both come standard with envelope-shaped bags and cages, but that is where the similarities end.<\/p>\t\t\t\t\t\t\t\t<\/div>\n\t\t\t\t<\/div>\n\t\t\t\t<div class=\"elementor-element elementor-element-8853e84 elementor-widget elementor-widget-heading\" data-id=\"8853e84\" data-element_type=\"widget\" data-e-type=\"widget\" data-widget_type=\"heading.default\">\n\t\t\t\t<div class=\"elementor-widget-container\">\n\t\t\t\t\t<h3 class=\"elementor-heading-title elementor-size-default\">Cased Dalamatic (DLMC)<\/h3>\t\t\t\t<\/div>\n\t\t\t\t<\/div>\n\t\t\t\t<div class=\"elementor-element elementor-element-6dc7c1a elementor-widget elementor-widget-text-editor\" data-id=\"6dc7c1a\" data-element_type=\"widget\" data-e-type=\"widget\" data-widget_type=\"text-editor.default\">\n\t\t\t\t<div class=\"elementor-widget-container\">\n\t\t\t\t\t\t\t\t\t<p>The Cased Dalamatic (DLMC) is a stand alone collector with support legs and hopper. The inlet is at the top of the collector to drive dusty air down towards the hopper. This downward air pattern helps to keep dust pulsed off of the bags moving towards the hopper and therefore reduces dust re-entrainment on the bags. This makes the DLMC a popular choice for light and fluffy dust applications<\/p>\t\t\t\t\t\t\t\t<\/div>\n\t\t\t\t<\/div>\n\t\t\t\t<div class=\"elementor-element elementor-element-abf6669 elementor-widget elementor-widget-heading\" data-id=\"abf6669\" data-element_type=\"widget\" data-e-type=\"widget\" data-widget_type=\"heading.default\">\n\t\t\t\t<div class=\"elementor-widget-container\">\n\t\t\t\t\t<h3 class=\"elementor-heading-title elementor-size-default\">Dalamatic Insertable (DLMV) <\/h3>\t\t\t\t<\/div>\n\t\t\t\t<\/div>\n\t\t\t\t<div class=\"elementor-element elementor-element-2512bbc elementor-widget elementor-widget-text-editor\" data-id=\"2512bbc\" data-element_type=\"widget\" data-e-type=\"widget\" data-widget_type=\"text-editor.default\">\n\t\t\t\t<div class=\"elementor-widget-container\">\n\t\t\t\t\t\t\t\t\t<p>the Dalamatic Insertable (DLMV) has no legs and hopper. The DLMV is used in applications such as bin venting where the collector is mounted on top of a bin or silo and the bags are often times actually inserted inside the top of the bin. As the bin or silo is being filled, dusty air is filtered by the DLMV with cleaned air exiting the collector. Once a dust cake forms on the outside of the bags, a pulse of compressed air inflates the bag and breaks the dust cake free of the bag depositing the material back into the bin or silo so no material is wasted.<\/p>\t\t\t\t\t\t\t\t<\/div>\n\t\t\t\t<\/div>\n\t\t\t\t<\/div>\n\t\t<div class=\"has_eae_slider elementor-element elementor-element-263e075 e-con-full e-flex e-con e-child\" data-eae-slider=\"35604\" data-id=\"263e075\" data-element_type=\"container\" data-e-type=\"container\">\n\t\t\t\t<div class=\"elementor-element elementor-element-b77ca27 elementor-widget elementor-widget-image\" data-id=\"b77ca27\" data-element_type=\"widget\" data-e-type=\"widget\" data-widget_type=\"image.default\">\n\t\t\t\t<div class=\"elementor-widget-container\">\n\t\t\t\t\t\t\t\t\t\t\t\t<figure class=\"wp-caption\">\n\t\t\t\t\t\t\t\t\t\t<img fetchpriority=\"high\" decoding=\"async\" width=\"750\" height=\"601\" src=\"https:\/\/www.capt-air.com\/wp-content\/uploads\/2022\/07\/1639505749353.jpg\" class=\"attachment-large size-large wp-image-1839\" alt=\"Donaldson Dalamatic Baghouse Dust Collector | Capt-Air\" srcset=\"https:\/\/www.capt-air.com\/wp-content\/uploads\/2022\/07\/1639505749353.jpg 750w, https:\/\/www.capt-air.com\/wp-content\/uploads\/2022\/07\/1639505749353-380x305.jpg 380w, https:\/\/www.capt-air.com\/wp-content\/uploads\/2022\/07\/1639505749353-15x12.jpg 15w\" sizes=\"(max-width: 750px) 100vw, 750px\" \/>\t\t\t\t\t\t\t\t\t\t\t<figcaption class=\"widget-image-caption wp-caption-text\">Dalamatic<sup><small>&reg;<\/small><\/sup> Baghouse Dust Collector<\/figcaption>\n\t\t\t\t\t\t\t\t\t\t<\/figure>\n\t\t\t\t\t\t\t\t\t<\/div>\n\t\t\t\t<\/div>\n\t\t\t\t<div class=\"elementor-element elementor-element-b795bb5 elementor-widget elementor-widget-heading\" data-id=\"b795bb5\" data-element_type=\"widget\" data-e-type=\"widget\" data-widget_type=\"heading.default\">\n\t\t\t\t<div class=\"elementor-widget-container\">\n\t\t\t\t\t<h4 class=\"elementor-heading-title elementor-size-default\">Dalamatic<sup><small>&reg;<\/small><\/sup> Collector Brochure<\/h4>\t\t\t\t<\/div>\n\t\t\t\t<\/div>\n\t\t\t\t<div class=\"elementor-element elementor-element-1d20043 elementor-widget elementor-widget-image\" data-id=\"1d20043\" data-element_type=\"widget\" data-e-type=\"widget\" data-widget_type=\"image.default\">\n\t\t\t\t<div class=\"elementor-widget-container\">\n\t\t\t\t\t\t\t\t\t\t\t\t<figure class=\"wp-caption\">\n\t\t\t\t\t\t\t\t\t\t\t<a href=\"https:\/\/www.capt-air.com\/wp-content\/uploads\/resources\/34_en_v_dalamatic-dust-collector.pdf\" target=\"_blank\">\n\t\t\t\t\t\t\t<img decoding=\"async\" width=\"150\" height=\"163\" src=\"https:\/\/www.capt-air.com\/wp-content\/uploads\/2022\/06\/download-brochure-icon.png\" class=\"attachment-large size-large wp-image-1043\" alt=\"English language brochure download icon | Capt-Air Inc\" srcset=\"https:\/\/www.capt-air.com\/wp-content\/uploads\/2022\/06\/download-brochure-icon.png 150w, https:\/\/www.capt-air.com\/wp-content\/uploads\/2022\/06\/download-brochure-icon-11x12.png 11w\" sizes=\"(max-width: 150px) 100vw, 150px\" \/>\t\t\t\t\t\t\t\t<\/a>\n\t\t\t\t\t\t\t\t\t\t\t<figcaption class=\"widget-image-caption wp-caption-text\">English Brochure<\/figcaption>\n\t\t\t\t\t\t\t\t\t\t<\/figure>\n\t\t\t\t\t\t\t\t\t<\/div>\n\t\t\t\t<\/div>\n\t\t\t\t<\/div>\n\t\t\t\t<\/div>\n\t\t\t\t<\/div>\n\t\t\t\t\t<\/div>\n\t\t\t\t<\/div>\n\t\t<div class=\"has_eae_slider elementor-element elementor-element-fe887a5 e-flex e-con-boxed e-con e-parent\" data-eae-slider=\"54255\" data-id=\"fe887a5\" data-element_type=\"container\" data-e-type=\"container\">\n\t\t\t\t\t<div class=\"e-con-inner\">\n\t\t<div class=\"has_eae_slider elementor-element elementor-element-cf5268a e-con-full e-flex e-con e-child\" data-eae-slider=\"77363\" data-id=\"cf5268a\" data-element_type=\"container\" data-e-type=\"container\">\n\t\t\t\t<div class=\"elementor-element elementor-element-1617341 elementor-widget elementor-widget-heading\" data-id=\"1617341\" data-element_type=\"widget\" data-e-type=\"widget\" data-widget_type=\"heading.default\">\n\t\t\t\t<div class=\"elementor-widget-container\">\n\t\t\t\t\t<h3 class=\"elementor-heading-title elementor-size-default\">Features &amp; Benefits<\/h3>\t\t\t\t<\/div>\n\t\t\t\t<\/div>\n\t\t\t\t<div class=\"elementor-element elementor-element-a73e00c elementor-widget elementor-widget-text-editor\" data-id=\"a73e00c\" data-element_type=\"widget\" data-e-type=\"widget\" data-widget_type=\"text-editor.default\">\n\t\t\t\t<div class=\"elementor-widget-container\">\n\t\t\t\t\t\t\t\t\t<h4>Continuous Dust Collection<\/h4><p>Provides continuous filtration of high dust concentrations at high filtration velocities and constant levels of resistance in almost any industry and application.<\/p><h4>Compact Design<\/h4><p>Unique modular design allows for installation in the most space restricted areas. Envelope-shaped bags maximize the amount of media in a given space and allow for increased space between bags, minimizing the chances of bridging.<\/p><h4>Dura-Life\u2122 Bag Filters<\/h4><p>Provide better surface loading and better pulse cleaning reducing maintenance and operating costs.<\/p><h4>Helix Tube Filters<\/h4><p>Optional Helix Tube Filters with laminated ePTFE membrane provide higher filtration efficiency resulting in lower emissions. Filters take up to 25% less time to replace thus reducing maintenance costs.<\/p><h4>Versatility<\/h4><p>A full range of sizes and types of bags are available for a wide variety of dust collection applications.<\/p><h4>Unique Bag Design<\/h4><p>The Dalamatic advantage is found in the breakthrough technology of Dura-Life bag filters in an envelope shape. The envelope shape provides greater movement of the bag to dislodge more challenging dust cakes during filter pulsing.<\/p><ul><li>Dust accumulates on the outer surface of the filter bag as air penetrates the media<\/li><li>The blowpipe (jet tube) injects a burst of compressed air into the bag filter<\/li><li>Airflow is then briefly reversed, inflating the bag filter and dislodging dust<\/li><li>The dislodged dust cake falls into the collection hopper for final removal or directly back in the process. The envelope-shaped bag filter, which is mounted on a unique wire frame, ensures optimum airflow and thorough cleaning.<\/li><\/ul>\t\t\t\t\t\t\t\t<\/div>\n\t\t\t\t<\/div>\n\t\t\t\t<\/div>\n\t\t\t\t\t<\/div>\n\t\t\t\t<\/div>\n\t\t<div class=\"has_eae_slider elementor-element elementor-element-b633ed4 e-flex e-con-boxed e-con e-parent\" data-eae-slider=\"95583\" data-id=\"b633ed4\" data-element_type=\"container\" data-e-type=\"container\" data-settings=\"{&quot;background_background&quot;:&quot;classic&quot;,&quot;shape_divider_top&quot;:&quot;opacity-tilt&quot;,&quot;shape_divider_bottom&quot;:&quot;opacity-tilt&quot;}\">\n\t\t\t\t\t<div class=\"e-con-inner\">\n\t\t\t\t<div class=\"elementor-shape elementor-shape-top\" aria-hidden=\"true\" data-negative=\"false\">\n\t\t\t<svg xmlns=\"http:\/\/www.w3.org\/2000\/svg\" viewBox=\"0 0 2600 131.1\" preserveAspectRatio=\"none\">\n\t<path class=\"elementor-shape-fill\" d=\"M0 0L2600 0 2600 69.1 0 0z\"\/>\n\t<path class=\"elementor-shape-fill\" style=\"opacity:0.5\" d=\"M0 0L2600 0 2600 69.1 0 69.1z\"\/>\n\t<path class=\"elementor-shape-fill\" style=\"opacity:0.25\" d=\"M2600 0L0 0 0 130.1 2600 69.1z\"\/>\n<\/svg>\t\t<\/div>\n\t\t\t\t<div class=\"elementor-shape elementor-shape-bottom\" aria-hidden=\"true\" data-negative=\"false\">\n\t\t\t<svg xmlns=\"http:\/\/www.w3.org\/2000\/svg\" viewBox=\"0 0 2600 131.1\" preserveAspectRatio=\"none\">\n\t<path class=\"elementor-shape-fill\" d=\"M0 0L2600 0 2600 69.1 0 0z\"\/>\n\t<path class=\"elementor-shape-fill\" style=\"opacity:0.5\" d=\"M0 0L2600 0 2600 69.1 0 69.1z\"\/>\n\t<path class=\"elementor-shape-fill\" style=\"opacity:0.25\" d=\"M2600 0L0 0 0 130.1 2600 69.1z\"\/>\n<\/svg>\t\t<\/div>\n\t\t<div class=\"has_eae_slider elementor-element elementor-element-0df88fa e-con-full e-flex e-con e-child\" data-eae-slider=\"50828\" data-id=\"0df88fa\" data-element_type=\"container\" data-e-type=\"container\">\n\t\t<div class=\"has_eae_slider elementor-element elementor-element-791fcb0 e-con-full e-flex e-con e-child\" data-eae-slider=\"72452\" data-id=\"791fcb0\" data-element_type=\"container\" data-e-type=\"container\">\n\t\t<div class=\"has_eae_slider elementor-element elementor-element-4af983f e-con-full e-flex e-con e-child\" data-eae-slider=\"17542\" data-id=\"4af983f\" data-element_type=\"container\" data-e-type=\"container\" data-settings=\"{&quot;background_background&quot;:&quot;classic&quot;}\">\n\t\t\t\t<div class=\"elementor-element elementor-element-6280694 elementor-widget elementor-widget-heading\" data-id=\"6280694\" data-element_type=\"widget\" data-e-type=\"widget\" data-widget_type=\"heading.default\">\n\t\t\t\t<div class=\"elementor-widget-container\">\n\t\t\t\t\t<h2 class=\"elementor-heading-title elementor-size-default\">ICue&trade; Remote System Monitoring<\/h2>\t\t\t\t<\/div>\n\t\t\t\t<\/div>\n\t\t\t\t<div class=\"elementor-element elementor-element-a562aa9 elementor-widget elementor-widget-text-editor\" data-id=\"a562aa9\" data-element_type=\"widget\" data-e-type=\"widget\" data-widget_type=\"text-editor.default\">\n\t\t\t\t<div class=\"elementor-widget-container\">\n\t\t\t\t\t\t\t\t\t<p>This collector* is now enabled with Donaldson\u2019s iCue\u2122 connected filtration monitoring service. Designed to remotely monitor a facility\u2019s dust collection equipment and provide operational insights directly to end-users, this information can help manufacturers reduce unplanned downtime, support efficient maintenance and operation, and automatically capture compliance data.<\/p>\t\t\t\t\t\t\t\t<\/div>\n\t\t\t\t<\/div>\n\t\t\t\t<div class=\"elementor-element elementor-element-3baac9f elementor-align-center elementor-widget elementor-widget-button\" data-id=\"3baac9f\" data-element_type=\"widget\" data-e-type=\"widget\" data-widget_type=\"button.default\">\n\t\t\t\t<div class=\"elementor-widget-container\">\n\t\t\t\t\t\t\t\t\t<div class=\"elementor-button-wrapper\">\n\t\t\t\t\t<a class=\"elementor-button elementor-button-link elementor-size-sm\" href=\"https:\/\/www.capt-air.com\/services\/icue-dust-collector-monitoring-service\/\">\n\t\t\t\t\t\t<span class=\"elementor-button-content-wrapper\">\n\t\t\t\t\t\t\t\t\t<span class=\"elementor-button-text\">Learn More<\/span>\n\t\t\t\t\t<\/span>\n\t\t\t\t\t<\/a>\n\t\t\t\t<\/div>\n\t\t\t\t\t\t\t\t<\/div>\n\t\t\t\t<\/div>\n\t\t\t\t<div class=\"elementor-element elementor-element-0045113 elementor-widget elementor-widget-text-editor\" data-id=\"0045113\" data-element_type=\"widget\" data-e-type=\"widget\" data-widget_type=\"text-editor.default\">\n\t\t\t\t<div class=\"elementor-widget-container\">\n\t\t\t\t\t\t\t\t\t<p>*May not be available on all models<\/p>\t\t\t\t\t\t\t\t<\/div>\n\t\t\t\t<\/div>\n\t\t\t\t<\/div>\n\t\t<div class=\"has_eae_slider elementor-element elementor-element-9b6bbf4 e-con-full e-flex e-con e-child\" data-eae-slider=\"21015\" data-id=\"9b6bbf4\" data-element_type=\"container\" data-e-type=\"container\">\n\t\t\t\t<div class=\"elementor-element elementor-element-a84c215 elementor-widget elementor-widget-image\" data-id=\"a84c215\" data-element_type=\"widget\" data-e-type=\"widget\" data-widget_type=\"image.default\">\n\t\t\t\t<div class=\"elementor-widget-container\">\n\t\t\t\t\t\t\t\t\t\t\t\t\t\t\t<img decoding=\"async\" width=\"800\" height=\"658\" src=\"https:\/\/www.capt-air.com\/wp-content\/uploads\/2022\/05\/iCue-system-monitoring-1024x842.jpg\" class=\"attachment-large size-large wp-image-685\" alt=\"Donaldson iCue system monitoring on a tablet - Predictive Maintenance | Capt-Air\" srcset=\"https:\/\/www.capt-air.com\/wp-content\/uploads\/2022\/05\/iCue-system-monitoring-1024x842.jpg 1024w, https:\/\/www.capt-air.com\/wp-content\/uploads\/2022\/05\/iCue-system-monitoring-380x312.jpg 380w, https:\/\/www.capt-air.com\/wp-content\/uploads\/2022\/05\/iCue-system-monitoring-768x631.jpg 768w, https:\/\/www.capt-air.com\/wp-content\/uploads\/2022\/05\/iCue-system-monitoring-15x12.jpg 15w, https:\/\/www.capt-air.com\/wp-content\/uploads\/2022\/05\/iCue-system-monitoring.jpg 1280w\" sizes=\"(max-width: 800px) 100vw, 800px\" \/>\t\t\t\t\t\t\t\t\t\t\t\t\t\t\t<\/div>\n\t\t\t\t<\/div>\n\t\t\t\t<\/div>\n\t\t\t\t<\/div>\n\t\t\t\t<\/div>\n\t\t\t\t\t<\/div>\n\t\t\t\t<\/div>\n\t\t<div class=\"has_eae_slider elementor-element elementor-element-8a32497 e-con-full e-flex e-con e-parent\" data-eae-slider=\"22715\" data-id=\"8a32497\" data-element_type=\"container\" data-e-type=\"container\" data-settings=\"{&quot;background_background&quot;:&quot;slideshow&quot;,&quot;background_slideshow_gallery&quot;:[{&quot;id&quot;:603,&quot;url&quot;:&quot;https:\\\/\\\/www.capt-air.com\\\/wp-content\\\/uploads\\\/2022\\\/05\\\/61283750_m-scaled.jpg&quot;}],&quot;background_slideshow_loop&quot;:&quot;yes&quot;,&quot;background_slideshow_slide_duration&quot;:5000,&quot;background_slideshow_slide_transition&quot;:&quot;fade&quot;,&quot;background_slideshow_transition_duration&quot;:500}\">\n\t\t<div class=\"has_eae_slider elementor-element elementor-element-f95228d e-con-full e-flex e-con e-child\" data-eae-slider=\"86202\" data-id=\"f95228d\" data-element_type=\"container\" data-e-type=\"container\">\n\t\t<div class=\"has_eae_slider elementor-element elementor-element-46d5270 e-con-full e-flex e-con e-child\" data-eae-slider=\"4268\" data-id=\"46d5270\" data-element_type=\"container\" data-e-type=\"container\">\n\t\t<div class=\"has_eae_slider elementor-element elementor-element-fb78799 e-con-full e-flex e-con e-child\" data-eae-slider=\"44500\" data-id=\"fb78799\" data-element_type=\"container\" data-e-type=\"container\" data-settings=\"{&quot;background_background&quot;:&quot;classic&quot;}\">\n\t\t\t\t<div class=\"elementor-element elementor-element-baf3821 elementor-widget elementor-widget-heading\" data-id=\"baf3821\" data-element_type=\"widget\" data-e-type=\"widget\" data-widget_type=\"heading.default\">\n\t\t\t\t<div class=\"elementor-widget-container\">\n\t\t\t\t\t<h2 class=\"elementor-heading-title elementor-size-default\">Have questions?<\/h2>\t\t\t\t<\/div>\n\t\t\t\t<\/div>\n\t\t\t\t<div class=\"elementor-element elementor-element-c029b26 elementor-widget elementor-widget-text-editor\" data-id=\"c029b26\" data-element_type=\"widget\" data-e-type=\"widget\" data-widget_type=\"text-editor.default\">\n\t\t\t\t<div class=\"elementor-widget-container\">\n\t\t\t\t\t\t\t\t\t<p>We would love to discuss your next project with you<\/p>\t\t\t\t\t\t\t\t<\/div>\n\t\t\t\t<\/div>\n\t\t\t\t<div class=\"elementor-element elementor-element-3e031a8 elementor-align-center elementor-widget elementor-widget-button\" data-id=\"3e031a8\" data-element_type=\"widget\" data-e-type=\"widget\" data-widget_type=\"button.default\">\n\t\t\t\t<div class=\"elementor-widget-container\">\n\t\t\t\t\t\t\t\t\t<div class=\"elementor-button-wrapper\">\n\t\t\t\t\t<a class=\"elementor-button elementor-button-link elementor-size-sm\" href=\"https:\/\/www.capt-air.com\/contact\/\">\n\t\t\t\t\t\t<span class=\"elementor-button-content-wrapper\">\n\t\t\t\t\t\t\t\t\t<span class=\"elementor-button-text\">Contact Us<\/span>\n\t\t\t\t\t<\/span>\n\t\t\t\t\t<\/a>\n\t\t\t\t<\/div>\n\t\t\t\t\t\t\t\t<\/div>\n\t\t\t\t<\/div>\n\t\t\t\t<\/div>\n\t\t<div class=\"has_eae_slider elementor-element elementor-element-f16c5c1 e-con-full e-flex e-con e-child\" data-eae-slider=\"30778\" data-id=\"f16c5c1\" data-element_type=\"container\" data-e-type=\"container\">\n\t\t\t\t<\/div>\n\t\t\t\t<\/div>\n\t\t\t\t<\/div>\n\t\t\t\t<\/div>\n\t\t\t\t<\/div>\n\t\t","protected":false},"excerpt":{"rendered":"<p>Reliable Performance for the Most Challenging Applications breadcrumb &gt;&gt; list Donaldson Dalamatic Baghouse The Dalamatic\u00ae series of dust collectors (Cased and Insertable) are unique in that they both come standard with envelope-shaped bags and cages, but that is where the similarities end. Cased Dalamatic (DLMC) The Cased Dalamatic (DLMC) is a stand alone collector with [&hellip;]<\/p>\n","protected":false},"author":2,"featured_media":0,"parent":1784,"menu_order":0,"comment_status":"closed","ping_status":"closed","template":"","meta":{"footnotes":""},"class_list":["post-1835","page","type-page","status-publish","hentry"],"aioseo_notices":[],"_links":{"self":[{"href":"https:\/\/www.capt-air.com\/fr\/wp-json\/wp\/v2\/pages\/1835","targetHints":{"allow":["GET"]}}],"collection":[{"href":"https:\/\/www.capt-air.com\/fr\/wp-json\/wp\/v2\/pages"}],"about":[{"href":"https:\/\/www.capt-air.com\/fr\/wp-json\/wp\/v2\/types\/page"}],"author":[{"embeddable":true,"href":"https:\/\/www.capt-air.com\/fr\/wp-json\/wp\/v2\/users\/2"}],"replies":[{"embeddable":true,"href":"https:\/\/www.capt-air.com\/fr\/wp-json\/wp\/v2\/comments?post=1835"}],"version-history":[{"count":6,"href":"https:\/\/www.capt-air.com\/fr\/wp-json\/wp\/v2\/pages\/1835\/revisions"}],"predecessor-version":[{"id":6375,"href":"https:\/\/www.capt-air.com\/fr\/wp-json\/wp\/v2\/pages\/1835\/revisions\/6375"}],"up":[{"embeddable":true,"href":"https:\/\/www.capt-air.com\/fr\/wp-json\/wp\/v2\/pages\/1784"}],"wp:attachment":[{"href":"https:\/\/www.capt-air.com\/fr\/wp-json\/wp\/v2\/media?parent=1835"}],"curies":[{"name":"wp","href":"https:\/\/api.w.org\/{rel}","templated":true}]}}