{"id":1784,"date":"2022-07-26T14:58:42","date_gmt":"2022-07-26T18:58:42","guid":{"rendered":"http:\/\/box5671.temp.domains\/~captairc\/?page_id=1784"},"modified":"2025-02-04T14:43:06","modified_gmt":"2025-02-04T19:43:06","slug":"a-manchons","status":"publish","type":"page","link":"https:\/\/www.capt-air.com\/fr\/products\/dust-collectors\/baghouse\/","title":{"rendered":"D\u00e9poussi\u00e9reurs \u00e0 manchons"},"content":{"rendered":"\t\t<div data-elementor-type=\"wp-page\" data-elementor-id=\"1784\" class=\"elementor elementor-1784\" data-elementor-post-type=\"page\">\n\t\t\t\t<div class=\"has_eae_slider elementor-element elementor-element-3fe1cac e-flex e-con-boxed e-con e-parent\" data-eae-slider=\"18643\" data-id=\"3fe1cac\" data-element_type=\"container\" data-e-type=\"container\">\n\t\t\t\t\t<div class=\"e-con-inner\">\n\t\t<div class=\"has_eae_slider elementor-element elementor-element-9400f2d e-con-full e-flex e-con e-child\" data-eae-slider=\"68611\" data-id=\"9400f2d\" data-element_type=\"container\" data-e-type=\"container\">\n\t\t\t\t<div class=\"elementor-element elementor-element-bb9a45f elementor-widget elementor-widget-heading\" data-id=\"bb9a45f\" data-element_type=\"widget\" data-e-type=\"widget\" data-widget_type=\"heading.default\">\n\t\t\t\t<div class=\"elementor-widget-container\">\n\t\t\t\t\t<h1 class=\"elementor-heading-title elementor-size-default\">Baghouse Dust Collectors<\/h1>\t\t\t\t<\/div>\n\t\t\t\t<\/div>\n\t\t\t\t<div class=\"elementor-element elementor-element-2af0865 elementor-widget elementor-widget-text-editor\" data-id=\"2af0865\" data-element_type=\"widget\" data-e-type=\"widget\" data-widget_type=\"text-editor.default\">\n\t\t\t\t<div class=\"elementor-widget-container\">\n\t\t\t\t\t\t\t\t\t<p>Baghouse Collectors for Every Application<\/p>\t\t\t\t\t\t\t\t<\/div>\n\t\t\t\t<\/div>\n\t\t\t\t<\/div>\n\t\t\t\t\t<\/div>\n\t\t\t\t<\/div>\n\t\t<div class=\"has_eae_slider elementor-element elementor-element-45abdd8 e-con-full e-flex e-con e-parent\" data-eae-slider=\"80583\" data-id=\"45abdd8\" data-element_type=\"container\" data-e-type=\"container\" data-settings=\"{&quot;background_background&quot;:&quot;classic&quot;}\">\n\t\t<div class=\"has_eae_slider elementor-element elementor-element-fa14fa7 e-con-full e-flex e-con e-child\" data-eae-slider=\"3627\" data-id=\"fa14fa7\" data-element_type=\"container\" data-e-type=\"container\">\n\t\t\t\t<\/div>\n\t\t\t\t<\/div>\n\t\t<div class=\"has_eae_slider elementor-element elementor-element-c700ef4 e-flex e-con-boxed e-con e-parent\" data-eae-slider=\"85728\" data-id=\"c700ef4\" data-element_type=\"container\" data-e-type=\"container\" id=\"first\">\n\t\t\t\t\t<div class=\"e-con-inner\">\n\t\t<div class=\"has_eae_slider elementor-element elementor-element-d084f8f e-con-full e-flex e-con e-child\" data-eae-slider=\"28262\" data-id=\"d084f8f\" data-element_type=\"container\" data-e-type=\"container\" data-settings=\"{&quot;background_background&quot;:&quot;classic&quot;}\">\n\t\t\t\t<div class=\"elementor-element elementor-element-4a8f946 elementor-widget elementor-widget-text-editor\" data-id=\"4a8f946\" data-element_type=\"widget\" data-e-type=\"widget\" id=\"breadcrumb-wrapper\" data-widget_type=\"text-editor.default\">\n\t\t\t\t<div class=\"elementor-widget-container\">\n\t\t\t\t\t\t\t\t\t<p>breadcrumb &gt;&gt; list<\/p>\t\t\t\t\t\t\t\t<\/div>\n\t\t\t\t<\/div>\n\t\t\t\t<\/div>\n\t\t\t\t\t<\/div>\n\t\t\t\t<\/div>\n\t\t<div class=\"has_eae_slider elementor-element elementor-element-e8f0581 e-flex e-con-boxed e-con e-parent\" data-eae-slider=\"34192\" data-id=\"e8f0581\" data-element_type=\"container\" data-e-type=\"container\">\n\t\t\t\t\t<div class=\"e-con-inner\">\n\t\t<div class=\"has_eae_slider elementor-element elementor-element-b379e51 e-con-full e-flex e-con e-child\" data-eae-slider=\"40209\" data-id=\"b379e51\" data-element_type=\"container\" data-e-type=\"container\">\n\t\t\t\t<div class=\"elementor-element elementor-element-e6d36ed elementor-widget elementor-widget-text-editor\" data-id=\"e6d36ed\" data-element_type=\"widget\" data-e-type=\"widget\" data-widget_type=\"text-editor.default\">\n\t\t\t\t<div class=\"elementor-widget-container\">\n\t\t\t\t\t\t\t\t\tCapt-Air designs &amp; installs systems around a complete line of dependable baghouse dust collectors from Donaldson Filtration to meet any application needs.\t\t\t\t\t\t\t\t<\/div>\n\t\t\t\t<\/div>\n\t\t\t\t<\/div>\n\t\t\t\t\t<\/div>\n\t\t\t\t<\/div>\n\t\t<div class=\"has_eae_slider elementor-element elementor-element-bc5f28c e-flex e-con-boxed e-con e-parent\" data-eae-slider=\"44802\" data-id=\"bc5f28c\" data-element_type=\"container\" data-e-type=\"container\" data-settings=\"{&quot;background_background&quot;:&quot;classic&quot;}\">\n\t\t\t\t\t<div class=\"e-con-inner\">\n\t\t<div class=\"has_eae_slider elementor-element elementor-element-6d88b31 e-con-full e-flex e-con e-child\" data-eae-slider=\"6371\" data-id=\"6d88b31\" data-element_type=\"container\" data-e-type=\"container\">\n\t\t\t\t<div class=\"elementor-element elementor-element-017c3c0 elementor-widget elementor-widget-heading\" data-id=\"017c3c0\" data-element_type=\"widget\" data-e-type=\"widget\" data-widget_type=\"heading.default\">\n\t\t\t\t<div class=\"elementor-widget-container\">\n\t\t\t\t\t<h2 class=\"elementor-heading-title elementor-size-default\">Baghouse Dust Collectors Meet Diverse Industry Needs<\/h2>\t\t\t\t<\/div>\n\t\t\t\t<\/div>\n\t\t<div class=\"has_eae_slider elementor-element elementor-element-d346e77 e-con-full e-flex e-con e-child\" data-eae-slider=\"49289\" data-id=\"d346e77\" data-element_type=\"container\" data-e-type=\"container\">\n\t\t<div class=\"has_eae_slider elementor-element elementor-element-4f58cf2 e-con-full e-flex e-con e-child\" data-eae-slider=\"47942\" data-id=\"4f58cf2\" data-element_type=\"container\" data-e-type=\"container\">\n\t\t\t\t<div class=\"elementor-element elementor-element-d2b1f55 elementor-widget elementor-widget-text-editor\" data-id=\"d2b1f55\" data-element_type=\"widget\" data-e-type=\"widget\" data-widget_type=\"text-editor.default\">\n\t\t\t\t<div class=\"elementor-widget-container\">\n\t\t\t\t\t\t\t\t\t<p>Capt-Air supplies a complete line-up of baghouse dust collectors to meet the needs of diverse industrial applications for Canadian Industries.\u00a0<\/p><p>Baghouses are industrial dust collectors that use anywhere from 6 to 900 felt bags to filter dusty air produced by various manufacturing and processing applications. In most baghouses, a large fan pulls dusty air into the collector where the dust collects on the exterior of the felt bags and cleaned air then exits the collector.\u00a0<\/p>\t\t\t\t\t\t\t\t<\/div>\n\t\t\t\t<\/div>\n\t\t\t\t<\/div>\n\t\t<div class=\"has_eae_slider elementor-element elementor-element-1d1f07f e-con-full e-flex e-con e-child\" data-eae-slider=\"62279\" data-id=\"1d1f07f\" data-element_type=\"container\" data-e-type=\"container\">\n\t\t\t\t<div class=\"elementor-element elementor-element-67fee5d elementor-widget elementor-widget-image\" data-id=\"67fee5d\" data-element_type=\"widget\" data-e-type=\"widget\" data-widget_type=\"image.default\">\n\t\t\t\t<div class=\"elementor-widget-container\">\n\t\t\t\t\t\t\t\t\t\t\t\t<figure class=\"wp-caption\">\n\t\t\t\t\t\t\t\t\t\t<img fetchpriority=\"high\" decoding=\"async\" width=\"800\" height=\"600\" src=\"https:\/\/www.capt-air.com\/wp-content\/uploads\/2022\/07\/LP_Baghouse_AlmondShelling1024x768.jpg\" class=\"attachment-large size-large wp-image-1794\" alt=\"Baghouse Collectors installed at almond processors | Capt-Air\" srcset=\"https:\/\/www.capt-air.com\/wp-content\/uploads\/2022\/07\/LP_Baghouse_AlmondShelling1024x768.jpg 1024w, https:\/\/www.capt-air.com\/wp-content\/uploads\/2022\/07\/LP_Baghouse_AlmondShelling1024x768-380x285.jpg 380w, https:\/\/www.capt-air.com\/wp-content\/uploads\/2022\/07\/LP_Baghouse_AlmondShelling1024x768-768x576.jpg 768w, https:\/\/www.capt-air.com\/wp-content\/uploads\/2022\/07\/LP_Baghouse_AlmondShelling1024x768-16x12.jpg 16w\" sizes=\"(max-width: 800px) 100vw, 800px\" \/>\t\t\t\t\t\t\t\t\t\t\t<figcaption class=\"widget-image-caption wp-caption-text\">LP Baghouse Collector<\/figcaption>\n\t\t\t\t\t\t\t\t\t\t<\/figure>\n\t\t\t\t\t\t\t\t\t<\/div>\n\t\t\t\t<\/div>\n\t\t\t\t<\/div>\n\t\t\t\t<\/div>\n\t\t\t\t<\/div>\n\t\t\t\t\t<\/div>\n\t\t\t\t<\/div>\n\t\t<div class=\"has_eae_slider elementor-element elementor-element-6ec89cd e-flex e-con-boxed e-con e-parent\" data-eae-slider=\"44677\" data-id=\"6ec89cd\" data-element_type=\"container\" data-e-type=\"container\" data-settings=\"{&quot;background_background&quot;:&quot;classic&quot;}\">\n\t\t\t\t\t<div class=\"e-con-inner\">\n\t\t<div class=\"has_eae_slider elementor-element elementor-element-cc98701 e-con-full e-flex e-con e-child\" data-eae-slider=\"2311\" data-id=\"cc98701\" data-element_type=\"container\" data-e-type=\"container\">\n\t\t\t\t<div class=\"elementor-element elementor-element-3d9a4de elementor-widget elementor-widget-heading\" data-id=\"3d9a4de\" data-element_type=\"widget\" data-e-type=\"widget\" data-widget_type=\"heading.default\">\n\t\t\t\t<div class=\"elementor-widget-container\">\n\t\t\t\t\t<h2 class=\"elementor-heading-title elementor-size-default\">Donaldson Filtration Baghouse Dust Collector Types<\/h2>\t\t\t\t<\/div>\n\t\t\t\t<\/div>\n\t\t\t\t<div class=\"elementor-element elementor-element-016a727 elementor-widget elementor-widget-image\" data-id=\"016a727\" data-element_type=\"widget\" data-e-type=\"widget\" data-widget_type=\"image.default\">\n\t\t\t\t<div class=\"elementor-widget-container\">\n\t\t\t\t\t\t\t\t\t\t\t\t\t\t\t<img decoding=\"async\" width=\"380\" height=\"118\" src=\"https:\/\/www.capt-air.com\/wp-content\/uploads\/2022\/05\/donaldson-380x118.png\" class=\"attachment-medium size-medium wp-image-543\" alt=\"Donaldson Filtration Solutions | Capt-Air\" srcset=\"https:\/\/www.capt-air.com\/wp-content\/uploads\/2022\/05\/donaldson-380x118.png 380w, https:\/\/www.capt-air.com\/wp-content\/uploads\/2022\/05\/donaldson-1024x318.png 1024w, https:\/\/www.capt-air.com\/wp-content\/uploads\/2022\/05\/donaldson-768x239.png 768w, https:\/\/www.capt-air.com\/wp-content\/uploads\/2022\/05\/donaldson.png 1294w\" sizes=\"(max-width: 380px) 100vw, 380px\" \/>\t\t\t\t\t\t\t\t\t\t\t\t\t\t\t<\/div>\n\t\t\t\t<\/div>\n\t\t<a class=\"has_eae_slider elementor-element elementor-element-ebb02da click-child e-con-full e-flex e-con e-child\" data-eae-slider=\"61393\" data-id=\"ebb02da\" data-element_type=\"container\" data-e-type=\"container\" data-settings=\"{&quot;background_background&quot;:&quot;classic&quot;}\" href=\"https:\/\/www.capt-air.com\/en\/products\/dust-collectors\/baghouse\/rf-series\/\">\n\t\t<div class=\"has_eae_slider elementor-element elementor-element-d4d2736 e-con-full e-flex e-con e-child\" data-eae-slider=\"26954\" data-id=\"d4d2736\" data-element_type=\"container\" data-e-type=\"container\">\n\t\t\t\t<div class=\"elementor-element elementor-element-d0eef42 elementor-widget elementor-widget-image\" data-id=\"d0eef42\" data-element_type=\"widget\" data-e-type=\"widget\" data-widget_type=\"image.default\">\n\t\t\t\t<div class=\"elementor-widget-container\">\n\t\t\t\t\t\t\t\t\t\t\t\t\t\t\t<img decoding=\"async\" width=\"380\" height=\"282\" src=\"https:\/\/www.capt-air.com\/wp-content\/uploads\/2022\/07\/1635281983763-380x282.jpg\" class=\"attachment-medium size-medium wp-image-1798\" alt=\"Donaldson RF Series Baghouse Dust Collector | Capt-Air\" srcset=\"https:\/\/www.capt-air.com\/wp-content\/uploads\/2022\/07\/1635281983763-380x282.jpg 380w, https:\/\/www.capt-air.com\/wp-content\/uploads\/2022\/07\/1635281983763-16x12.jpg 16w, https:\/\/www.capt-air.com\/wp-content\/uploads\/2022\/07\/1635281983763.jpg 600w\" sizes=\"(max-width: 380px) 100vw, 380px\" \/>\t\t\t\t\t\t\t\t\t\t\t\t\t\t\t<\/div>\n\t\t\t\t<\/div>\n\t\t\t\t<\/div>\n\t\t<div class=\"has_eae_slider elementor-element elementor-element-372f855 e-con-full e-flex e-con e-child\" data-eae-slider=\"11287\" data-id=\"372f855\" data-element_type=\"container\" data-e-type=\"container\">\n\t\t\t\t<div class=\"elementor-element elementor-element-872d659 elementor-widget elementor-widget-heading\" data-id=\"872d659\" data-element_type=\"widget\" data-e-type=\"widget\" data-widget_type=\"heading.default\">\n\t\t\t\t<div class=\"elementor-widget-container\">\n\t\t\t\t\t<h3 class=\"elementor-heading-title elementor-size-default\">RF Series<\/h3>\t\t\t\t<\/div>\n\t\t\t\t<\/div>\n\t\t\t\t<div class=\"elementor-element elementor-element-fb1dbc0 elementor-widget elementor-widget-text-editor\" data-id=\"fb1dbc0\" data-element_type=\"widget\" data-e-type=\"widget\" data-widget_type=\"text-editor.default\">\n\t\t\t\t<div class=\"elementor-widget-container\">\n\t\t\t\t\t\t\t\t\t<p>The Donaldson Torit\u00ae RF baghouse dust collector handles heavy-dust loads and large volumes of air and offers a cleaning system that does not require compressed air.<\/p>\t\t\t\t\t\t\t\t<\/div>\n\t\t\t\t<\/div>\n\t\t\t\t<\/div>\n\t\t\t\t<\/a>\n\t\t<a class=\"has_eae_slider elementor-element elementor-element-08049ee click-child e-con-full e-flex e-con e-child\" data-eae-slider=\"92010\" data-id=\"08049ee\" data-element_type=\"container\" data-e-type=\"container\" data-settings=\"{&quot;background_background&quot;:&quot;classic&quot;}\" href=\"https:\/\/www.capt-air.com\/en\/products\/dust-collectors\/baghouse\/dalamatic\/\">\n\t\t<div class=\"has_eae_slider elementor-element elementor-element-f77e5c7 e-con-full e-flex e-con e-child\" data-eae-slider=\"17183\" data-id=\"f77e5c7\" data-element_type=\"container\" data-e-type=\"container\">\n\t\t\t\t<div class=\"elementor-element elementor-element-99f22d2 elementor-widget elementor-widget-image\" data-id=\"99f22d2\" data-element_type=\"widget\" data-e-type=\"widget\" data-widget_type=\"image.default\">\n\t\t\t\t<div class=\"elementor-widget-container\">\n\t\t\t\t\t\t\t\t\t\t\t\t\t\t\t<img loading=\"lazy\" decoding=\"async\" width=\"380\" height=\"282\" src=\"https:\/\/www.capt-air.com\/wp-content\/uploads\/2022\/07\/1639505749550-380x282.jpg\" class=\"attachment-medium size-medium wp-image-1799\" alt=\"Donaldson Dalamatic Baghouse Dust Collector | Capt-Air\" srcset=\"https:\/\/www.capt-air.com\/wp-content\/uploads\/2022\/07\/1639505749550-380x282.jpg 380w, https:\/\/www.capt-air.com\/wp-content\/uploads\/2022\/07\/1639505749550-16x12.jpg 16w, https:\/\/www.capt-air.com\/wp-content\/uploads\/2022\/07\/1639505749550.jpg 600w\" sizes=\"(max-width: 380px) 100vw, 380px\" \/>\t\t\t\t\t\t\t\t\t\t\t\t\t\t\t<\/div>\n\t\t\t\t<\/div>\n\t\t\t\t<\/div>\n\t\t<div class=\"has_eae_slider elementor-element elementor-element-80ff594 e-con-full e-flex e-con e-child\" data-eae-slider=\"2797\" data-id=\"80ff594\" data-element_type=\"container\" data-e-type=\"container\">\n\t\t\t\t<div class=\"elementor-element elementor-element-2fe63cb elementor-widget elementor-widget-heading\" data-id=\"2fe63cb\" data-element_type=\"widget\" data-e-type=\"widget\" data-widget_type=\"heading.default\">\n\t\t\t\t<div class=\"elementor-widget-container\">\n\t\t\t\t\t<h3 class=\"elementor-heading-title elementor-size-default\">\nDalamatic<sup><small>&reg;<\/small><\/sup><\/h3>\t\t\t\t<\/div>\n\t\t\t\t<\/div>\n\t\t\t\t<div class=\"elementor-element elementor-element-23408ff elementor-widget elementor-widget-text-editor\" data-id=\"23408ff\" data-element_type=\"widget\" data-e-type=\"widget\" data-widget_type=\"text-editor.default\">\n\t\t\t\t<div class=\"elementor-widget-container\">\n\t\t\t\t\t\t\t\t\t<p>The Dalamatic<sup><small>\u00ae<\/small><\/sup><br \/>baghouse dust collector uses Dura-Life\u2122 envelope-shaped bag filters, providing greater movement to dislodge dust cakes during pulsing.<\/p>\t\t\t\t\t\t\t\t<\/div>\n\t\t\t\t<\/div>\n\t\t\t\t<\/div>\n\t\t\t\t<\/a>\n\t\t\t\t<\/div>\n\t\t\t\t\t<\/div>\n\t\t\t\t<\/div>\n\t\t<div class=\"has_eae_slider elementor-element elementor-element-9273df6 e-con-full e-flex e-con e-parent\" data-eae-slider=\"81704\" data-id=\"9273df6\" data-element_type=\"container\" data-e-type=\"container\" data-settings=\"{&quot;background_background&quot;:&quot;slideshow&quot;,&quot;background_slideshow_gallery&quot;:[{&quot;id&quot;:603,&quot;url&quot;:&quot;https:\\\/\\\/www.capt-air.com\\\/wp-content\\\/uploads\\\/2022\\\/05\\\/61283750_m-scaled.jpg&quot;}],&quot;background_slideshow_loop&quot;:&quot;yes&quot;,&quot;background_slideshow_slide_duration&quot;:5000,&quot;background_slideshow_slide_transition&quot;:&quot;fade&quot;,&quot;background_slideshow_transition_duration&quot;:500}\">\n\t\t<div class=\"has_eae_slider elementor-element elementor-element-4427c19 e-con-full e-flex e-con e-child\" data-eae-slider=\"48411\" data-id=\"4427c19\" data-element_type=\"container\" data-e-type=\"container\">\n\t\t<div class=\"has_eae_slider elementor-element elementor-element-4183306 e-con-full e-flex e-con e-child\" data-eae-slider=\"37160\" data-id=\"4183306\" data-element_type=\"container\" data-e-type=\"container\">\n\t\t<div class=\"has_eae_slider elementor-element elementor-element-3147c2a e-con-full e-flex e-con e-child\" data-eae-slider=\"78435\" data-id=\"3147c2a\" data-element_type=\"container\" data-e-type=\"container\" data-settings=\"{&quot;background_background&quot;:&quot;classic&quot;}\">\n\t\t\t\t<div class=\"elementor-element elementor-element-3e08ee6 elementor-widget elementor-widget-heading\" data-id=\"3e08ee6\" data-element_type=\"widget\" data-e-type=\"widget\" data-widget_type=\"heading.default\">\n\t\t\t\t<div class=\"elementor-widget-container\">\n\t\t\t\t\t<h2 class=\"elementor-heading-title elementor-size-default\">Have questions?<\/h2>\t\t\t\t<\/div>\n\t\t\t\t<\/div>\n\t\t\t\t<div class=\"elementor-element elementor-element-766be5b elementor-widget elementor-widget-text-editor\" data-id=\"766be5b\" data-element_type=\"widget\" data-e-type=\"widget\" data-widget_type=\"text-editor.default\">\n\t\t\t\t<div class=\"elementor-widget-container\">\n\t\t\t\t\t\t\t\t\t<p>We would love to discuss your next project with you<\/p>\t\t\t\t\t\t\t\t<\/div>\n\t\t\t\t<\/div>\n\t\t\t\t<div class=\"elementor-element elementor-element-282a94c elementor-align-center elementor-widget elementor-widget-button\" data-id=\"282a94c\" data-element_type=\"widget\" data-e-type=\"widget\" data-widget_type=\"button.default\">\n\t\t\t\t<div class=\"elementor-widget-container\">\n\t\t\t\t\t\t\t\t\t<div class=\"elementor-button-wrapper\">\n\t\t\t\t\t<a class=\"elementor-button elementor-button-link elementor-size-sm\" href=\"https:\/\/www.capt-air.com\/contact\/\">\n\t\t\t\t\t\t<span class=\"elementor-button-content-wrapper\">\n\t\t\t\t\t\t\t\t\t<span class=\"elementor-button-text\">Contact Us<\/span>\n\t\t\t\t\t<\/span>\n\t\t\t\t\t<\/a>\n\t\t\t\t<\/div>\n\t\t\t\t\t\t\t\t<\/div>\n\t\t\t\t<\/div>\n\t\t\t\t<\/div>\n\t\t<div class=\"has_eae_slider elementor-element elementor-element-a9e451e e-con-full e-flex e-con e-child\" data-eae-slider=\"32672\" data-id=\"a9e451e\" data-element_type=\"container\" data-e-type=\"container\">\n\t\t\t\t<\/div>\n\t\t\t\t<\/div>\n\t\t\t\t<\/div>\n\t\t\t\t<\/div>\n\t\t\t\t<\/div>\n\t\t","protected":false},"excerpt":{"rendered":"<p>Baghouse Collectors for Every Application breadcrumb &gt;&gt; list Baghouse Dust Collectors Meet Diverse Industry Needs Capt-Air supplies a complete line-up of baghouse dust collectors to meet the needs of diverse industrial applications for Canadian Industries.\u00a0 Baghouses are industrial dust collectors that use anywhere from 6 to 900 felt bags to filter dusty air produced by [&hellip;]<\/p>\n","protected":false},"author":2,"featured_media":0,"parent":1745,"menu_order":0,"comment_status":"closed","ping_status":"closed","template":"","meta":{"footnotes":""},"class_list":["post-1784","page","type-page","status-publish","hentry"],"aioseo_notices":[],"_links":{"self":[{"href":"https:\/\/www.capt-air.com\/fr\/wp-json\/wp\/v2\/pages\/1784","targetHints":{"allow":["GET"]}}],"collection":[{"href":"https:\/\/www.capt-air.com\/fr\/wp-json\/wp\/v2\/pages"}],"about":[{"href":"https:\/\/www.capt-air.com\/fr\/wp-json\/wp\/v2\/types\/page"}],"author":[{"embeddable":true,"href":"https:\/\/www.capt-air.com\/fr\/wp-json\/wp\/v2\/users\/2"}],"replies":[{"embeddable":true,"href":"https:\/\/www.capt-air.com\/fr\/wp-json\/wp\/v2\/comments?post=1784"}],"version-history":[{"count":5,"href":"https:\/\/www.capt-air.com\/fr\/wp-json\/wp\/v2\/pages\/1784\/revisions"}],"predecessor-version":[{"id":5663,"href":"https:\/\/www.capt-air.com\/fr\/wp-json\/wp\/v2\/pages\/1784\/revisions\/5663"}],"up":[{"embeddable":true,"href":"https:\/\/www.capt-air.com\/fr\/wp-json\/wp\/v2\/pages\/1745"}],"wp:attachment":[{"href":"https:\/\/www.capt-air.com\/fr\/wp-json\/wp\/v2\/media?parent=1784"}],"curies":[{"name":"wp","href":"https:\/\/api.w.org\/{rel}","templated":true}]}}